{"id":2,"date":"2019-02-01T02:00:24","date_gmt":"2019-02-01T02:00:24","guid":{"rendered":"https:\/\/ninetheme.com\/themes\/agro\/?page_id=2"},"modified":"2021-06-10T10:37:45","modified_gmt":"2021-06-10T08:37:45","slug":"home-1-2","status":"publish","type":"page","link":"https:\/\/www.agrozobor.com\/en\/","title":{"rendered":"HomePage"},"content":{"rendered":"<div class=\"vc_row wpb_row vc_row-fluid\"><div class=\"nt-column col-sm-12\"><div class=\"nt-shortcode-wrapper\"><div id=\"start-screen\" class=\"start-screen start-screen--style-1 item_69e21facf0ea0\" data-scroll-discover=\"true\" data-res-css=\"   \"><div id=\"start-screen__bg\" class=\"start-screen__bg\"><div id=\"vegas-slider\" data-autoplay=\"false\" data-timer=\"false\" data-dots=\"true\" data-duration=\"4000\" data-delay=\"5000\" data-transition=\"['fade', 'zoomOut', 'blur', 'swirlLeft', 'swirlRight']\" data-overlayimg=\"https:\/\/www.agrozobor.com\/wp-content\/themes\/agro\/images\/overlays\/05.png\"><div class=\"vegas-control\"><span id=\"vegas-control__prev\" class=\"vegas-control__btn\">Prev<\/span><span id=\"vegas-control__next\" class=\"vegas-control__btn\">Next<\/span><\/div><\/div><\/div><div id=\"start-screen__content-container\" class=\"start-screen__content-container text-white\"><div class=\"start-screen__content__item start-screen__content__item--1 align-items-center item_69e21facf0f14\" data-img-src=\"https:\/\/www.agrozobor.com\/wp-content\/uploads\/2021\/06\/Mask-Group-12@2x-scaled.jpg\" data-mobimg-src=\"\" data-video=\"false\" data-res-css=\"      .start-screen__content__item.start-screen__content__item--1.item_69e21facf0f14 .custom-btn {color: #ffffff!important; }  .start-screen__content__item.start-screen__content__item--1.item_69e21facf0f14 .custom-btn {border-color: #fcdb5a!important; } .start-screen__content__item.start-screen__content__item--1.item_69e21facf0f14 .custom-btn:hover {border-color: #fcdb5a!important; }  .start-screen__content__item.start-screen__content__item--1.item_69e21facf0f14 .custom-btn:hover {background-color: #056839!important; } .start-screen__content__item.start-screen__content__item--1.item_69e21facf0f14 .custom-btn.btn-rounded {border-radius: 10px!important; } \"><div class=\"container\"><div class=\"row justify-content-center\"><div class=\"col-12 col-md-10 col-xl-8\"><div class=\"__name\">FARM<\/div><h2 class=\"__title text-white\">ECO-FRIENDLY<\/h2><p class=\"mt-5 mt-md-10 text-center\"><span class=\"d-none d-sm-block\"><a class=\"custom-btn custom-btn--medium custom-btn--style-3 btn-rounded\" href=\"https:\/\/www.agrozobor.com\/en\/o-nas\/\">About us<\/a><\/span><span class=\"d-block d-sm-none\"><a class=\"custom-btn custom-btn--small custom-btn--style-3 btn-rounded\" href=\"https:\/\/www.agrozobor.com\/en\/o-nas\/\">About us<\/a><\/span><\/p><\/div><\/div><\/div><\/div><\/div><span class=\"scroll-discover\"><\/span><\/div><\/div><\/div><\/div>","protected":false},"excerpt":{"rendered":"PrevNextDRU\u017dSTVO\u0160etrn\u00e9 k pr\u00edrodeO n\u00e1sO n\u00e1s","protected":false},"author":3,"featured_media":0,"parent":0,"menu_order":0,"comment_status":"closed","ping_status":"open","template":"custom-page.php","meta":{"footnotes":""},"yoast_head":"<!-- This site is optimized with the Yoast SEO plugin v21.9.1 - https:\/\/yoast.com\/wordpress\/plugins\/seo\/ -->\n<title>HomePage - AGRO ZOBOR<\/title>\n<meta name=\"robots\" content=\"index, follow, max-snippet:-1, max-image-preview:large, max-video-preview:-1\" \/>\n<link rel=\"canonical\" href=\"https:\/\/www.agrozobor.com\/en\/\" \/>\n<meta property=\"og:locale\" content=\"en_GB\" \/>\n<meta property=\"og:type\" content=\"article\" \/>\n<meta property=\"og:title\" content=\"HomePage - AGRO ZOBOR\" \/>\n<meta property=\"og:url\" content=\"https:\/\/www.agrozobor.com\/en\/\" \/>\n<meta property=\"og:site_name\" content=\"AGRO ZOBOR\" \/>\n<meta property=\"article:modified_time\" content=\"2021-06-10T08:37:45+00:00\" \/>\n<meta name=\"twitter:card\" content=\"summary_large_image\" \/>\n<meta name=\"twitter:label1\" content=\"Estimated reading time\" \/>\n\t<meta name=\"twitter:data1\" content=\"1 minute\" \/>\n<script type=\"application\/ld+json\" class=\"yoast-schema-graph\">{\"@context\":\"https:\/\/schema.org\",\"@graph\":[{\"@type\":\"WebPage\",\"@id\":\"https:\/\/www.agrozobor.com\/\",\"url\":\"https:\/\/www.agrozobor.com\/\",\"name\":\"HomePage - AGRO ZOBOR\",\"isPartOf\":{\"@id\":\"https:\/\/www.agrozobor.com\/#website\"},\"datePublished\":\"2019-02-01T02:00:24+00:00\",\"dateModified\":\"2021-06-10T08:37:45+00:00\",\"breadcrumb\":{\"@id\":\"https:\/\/www.agrozobor.com\/#breadcrumb\"},\"inLanguage\":\"en-GB\",\"potentialAction\":[{\"@type\":\"ReadAction\",\"target\":[\"https:\/\/www.agrozobor.com\/\"]}]},{\"@type\":\"BreadcrumbList\",\"@id\":\"https:\/\/www.agrozobor.com\/#breadcrumb\",\"itemListElement\":[{\"@type\":\"ListItem\",\"position\":1,\"name\":\"Home\",\"item\":\"https:\/\/www.agrozobor.com\/\"},{\"@type\":\"ListItem\",\"position\":2,\"name\":\"HomePage\"}]},{\"@type\":\"WebSite\",\"@id\":\"https:\/\/www.agrozobor.com\/#website\",\"url\":\"https:\/\/www.agrozobor.com\/\",\"name\":\"AGRO ZOBOR\",\"description\":\"\",\"potentialAction\":[{\"@type\":\"SearchAction\",\"target\":{\"@type\":\"EntryPoint\",\"urlTemplate\":\"https:\/\/www.agrozobor.com\/?s={search_term_string}\"},\"query-input\":\"required name=search_term_string\"}],\"inLanguage\":\"en-GB\"}]}<\/script>\n<!-- \/ Yoast SEO plugin. -->","yoast_head_json":{"title":"HomePage - AGRO ZOBOR","robots":{"index":"index","follow":"follow","max-snippet":"max-snippet:-1","max-image-preview":"max-image-preview:large","max-video-preview":"max-video-preview:-1"},"canonical":"https:\/\/www.agrozobor.com\/en\/","og_locale":"en_GB","og_type":"article","og_title":"HomePage - AGRO ZOBOR","og_url":"https:\/\/www.agrozobor.com\/en\/","og_site_name":"AGRO ZOBOR","article_modified_time":"2021-06-10T08:37:45+00:00","twitter_card":"summary_large_image","twitter_misc":{"Estimated reading time":"1 minute"},"schema":{"@context":"https:\/\/schema.org","@graph":[{"@type":"WebPage","@id":"https:\/\/www.agrozobor.com\/","url":"https:\/\/www.agrozobor.com\/","name":"HomePage - AGRO ZOBOR","isPartOf":{"@id":"https:\/\/www.agrozobor.com\/#website"},"datePublished":"2019-02-01T02:00:24+00:00","dateModified":"2021-06-10T08:37:45+00:00","breadcrumb":{"@id":"https:\/\/www.agrozobor.com\/#breadcrumb"},"inLanguage":"en-GB","potentialAction":[{"@type":"ReadAction","target":["https:\/\/www.agrozobor.com\/"]}]},{"@type":"BreadcrumbList","@id":"https:\/\/www.agrozobor.com\/#breadcrumb","itemListElement":[{"@type":"ListItem","position":1,"name":"Home","item":"https:\/\/www.agrozobor.com\/"},{"@type":"ListItem","position":2,"name":"HomePage"}]},{"@type":"WebSite","@id":"https:\/\/www.agrozobor.com\/#website","url":"https:\/\/www.agrozobor.com\/","name":"AGRO ZOBOR","description":"","potentialAction":[{"@type":"SearchAction","target":{"@type":"EntryPoint","urlTemplate":"https:\/\/www.agrozobor.com\/?s={search_term_string}"},"query-input":"required name=search_term_string"}],"inLanguage":"en-GB"}]}},"_links":{"self":[{"href":"https:\/\/www.agrozobor.com\/en\/wp-json\/wp\/v2\/pages\/2"}],"collection":[{"href":"https:\/\/www.agrozobor.com\/en\/wp-json\/wp\/v2\/pages"}],"about":[{"href":"https:\/\/www.agrozobor.com\/en\/wp-json\/wp\/v2\/types\/page"}],"author":[{"embeddable":true,"href":"https:\/\/www.agrozobor.com\/en\/wp-json\/wp\/v2\/users\/3"}],"replies":[{"embeddable":true,"href":"https:\/\/www.agrozobor.com\/en\/wp-json\/wp\/v2\/comments?post=2"}],"version-history":[{"count":6,"href":"https:\/\/www.agrozobor.com\/en\/wp-json\/wp\/v2\/pages\/2\/revisions"}],"predecessor-version":[{"id":3077,"href":"https:\/\/www.agrozobor.com\/en\/wp-json\/wp\/v2\/pages\/2\/revisions\/3077"}],"wp:attachment":[{"href":"https:\/\/www.agrozobor.com\/en\/wp-json\/wp\/v2\/media?parent=2"}],"curies":[{"name":"wp","href":"https:\/\/api.w.org\/{rel}","templated":true}]}}