{"id":238,"date":"2019-02-05T07:05:06","date_gmt":"2019-02-05T07:05:06","guid":{"rendered":"https:\/\/ninetheme.com\/themes\/agro\/?page_id=238"},"modified":"2021-11-26T08:28:26","modified_gmt":"2021-11-26T07:28:26","slug":"o-nas","status":"publish","type":"page","link":"https:\/\/www.agrozobor.com\/en\/o-nas\/","title":{"rendered":"About us"},"content":{"rendered":"<div class=\"agro-section-wrapper\"><div class=\"nt-column\"><div class=\"nt-shortcode-wrapper\"><div id=\"hero\" class=\"nt-shortcode-hero jarallax section_69e2343ae56d4 vc_custom_1623316626907\" data-speed=\"0.7\" data-img-position=\"50% 80%\" data-res-css=\"      .nt-shortcode-hero.section_69e2343ae56d4 .breadcrumbs__link,.nt-shortcode-hero.section_69e2343ae56d4 .bitem {color: #056839; } .nt-shortcode-hero.section_69e2343ae56d4 li.active, .nt-shortcode-hero.section_69e2343ae56d4 .breadcrumbs__link:hover {color: #fcdb5a; }   \"><div class=\"container\"><div class=\"row\"><div class=\"col-12 col-lg-7\"><h1 class=\"__title\"><span><\/span> About us<\/h1><div class=\"shortcode-page-breadcrumbs breadcrumb\"><div class=\"nt-breadcrumbs\"><ul class=\"nt-breadcrumbs-list\"><li class=\"bitem\"><span><a class=\"breadcrumbs__link\" href=\"https:\/\/www.agrozobor.com\/en\/\"><span>Home<\/span><\/a><\/span><\/li><\/ul><\/div><\/div><\/div><\/div><\/div><span class=\"page-scroll-discover\"><\/span><\/div><\/div><\/div><\/div><div class=\"nt_clearfix\"><\/div><div class=\"agro-section-wrapper vc_custom_1623267210799 nt-has-fill\"><div class=\"container container-stretch\"><div class=\"row\"><div class=\"nt-column col-sm-12\"><div class=\"nt-shortcode-wrapper\"><div class=\"vc_empty_space\"   style=\"height: 100px\"><span class=\"vc_empty_space_inner\"><\/span><\/div><\/div><\/div><\/div><\/div><\/div><div class=\"nt_clearfix\"><\/div><div class=\"agro-section-wrapper\"><div class=\"nt-column\"><div class=\"nt-shortcode-wrapper\"><div class=\"section section--no-pb about--1 md-hide-bg item_69e2343ae6488 vc_custom_1634910579273\" data-res-css=\"    .section.item_69e2343ae6488 .section-heading .__title {color: #056839; }          \"><div class=\"container\"><div class=\"section-heading\"><h2 class=\"__title\">ABOUT THE FARM <span><\/span><\/h2><\/div><div class=\"row\"><div class=\"col-12 col-lg-6 col-xl-8\">\n<p style=\"text-align: left;\">The Agro Zobor Group was established through our long-standing activity in the field of agricultural production. Together with our partners, we manage approximately 3,500 hectares of land in Slovakia and Belarus. We are engaged in crop production as well as livestock breeding. At the same time, we implement projects in the fields of sustainable development, biodiversity protection, and increasing the ecological quality of the environment.<\/p>\n<p style=\"text-align: left;\">We breed 800 cattle (Aberdeen Angus, Limousine, Charolais, and Pinzgau breeds), 1,500 sheep (Lacaune, Improved Wallachian, Cigaya, and Suffolk breeds). We also breed goats, poultry, and pigs. Our horses, which graze in the meadows of the farm in Preselany, complete the scenery and delight the soul.<\/p>\n<p style=\"text-align: left;\">In Belarus, we are preparing to expand our operations to cultivate an additional 10,000 hectares of farmland, and to open an Angus cattle breeding operation. Aberdeen Angus is a naturally hornless breed and it is one of the most widely bred cattle breeds in the world.<\/p>\n<p style=\"text-align: left;\">The basic pillar of our mission is acting ecologically, so we focus on processes and technologies which are environmentally friendly, without the use of chemicals. Our sheep graze on mesophilic meadows in protected areas. In addition to precision farming, we strive to mitigate the effects of climate change through water conservation and anti-erosion measures.<\/p>\n<\/div><\/div><\/div><\/div><\/div><\/div><\/div><div class=\"nt_clearfix\"><\/div><div class=\"agro-section-wrapper\"><div class=\"nt-column\"><div class=\"nt-shortcode-wrapper\"><\/div><\/div><\/div><div class=\"nt_clearfix\"><\/div><div class=\"agro-section-wrapper\"><div class=\"nt-column\"><div class=\"nt-shortcode-wrapper\"><div class=\"section counter_69e2343ae6d48\"><div class=\"container\"><div class=\"counter\"><div class=\"__inner\"><div class=\"row justify-content-sm-center justify-content-lg-around\"><div class=\"col-12 col-sm-8 col-md-6 col-lg-5 col-xl-1\"><div class=\"__item\" data-aos=\"zoom-in\" data-aos-delay=\"350\" data-aos-offset=\"150\"><div class=\"d-table\"><div class=\"d-table-cell align-middle\"><i class=\"__ico\"><img decoding=\"async\" src=\"https:\/\/www.agrozobor.com\/wp-content\/uploads\/2021\/08\/zamestatnec-ikona-2-01.png\" class=\"img-fluid\" alt=\"zamestatnec-ikona-2-01.png\"><\/i><\/div><div class=\"d-table-cell align-middle\"><p class=\"__count js-count\" data-from=\"0\" data-to=\"34\">34<\/p><p class=\"__title\">employees<\/p><\/div><\/div><\/div><\/div><div class=\"col-12 col-sm-8 col-md-6 col-lg-5 col-xl-1\"><div class=\"__item\" data-aos=\"zoom-in\" data-aos-delay=\"350\" data-aos-offset=\"150\"><div class=\"d-table\"><div class=\"d-table-cell align-middle\"><i class=\"__ico\"><img decoding=\"async\" src=\"https:\/\/www.agrozobor.com\/wp-content\/uploads\/2021\/06\/Group-10@2x.png\" class=\"img-fluid\" alt=\"Group-10@2x.png\"><\/i><\/div><div class=\"d-table-cell align-middle\"><p class=\"__count js-count\" data-from=\"0\" data-to=\"1500\">1500<\/p><p class=\"__title\">heads of sheep<\/p><\/div><\/div><\/div><\/div><div class=\"col-12 col-sm-8 col-md-6 col-lg-5 col-xl-1\"><div class=\"__item\" data-aos=\"zoom-in\" data-aos-delay=\"350\" data-aos-offset=\"150\"><div class=\"d-table\"><div class=\"d-table-cell align-middle\"><i class=\"__ico\"><img decoding=\"async\" src=\"https:\/\/www.agrozobor.com\/wp-content\/uploads\/2019\/02\/ico_count_2-1.png\" class=\"img-fluid\" alt=\"ico_count_2-1.png\"><\/i><\/div><div class=\"d-table-cell align-middle\"><p class=\"__count js-count\" data-from=\"0\" data-to=\"800\">800<\/p><p class=\"__title\">heads of cattle<\/p><\/div><\/div><\/div><\/div><div class=\"col-12 col-sm-8 col-md-6 col-lg-5 col-xl-1\"><div class=\"__item\" data-aos=\"zoom-in\" data-aos-delay=\"350\" data-aos-offset=\"150\"><div class=\"d-table\"><div class=\"d-table-cell align-middle\"><i class=\"__ico\"><img decoding=\"async\" src=\"https:\/\/www.agrozobor.com\/wp-content\/uploads\/2019\/02\/ico_count_3-1.png\" class=\"img-fluid\" alt=\"ico_count_3-1.png\"><\/i><\/div><div class=\"d-table-cell align-middle\"><p class=\"__count js-count\" data-from=\"0\" data-to=\"3500\">3500<\/p><p class=\"__title\">hectares in Slovakia and Belarus<\/p><\/div><\/div><\/div><\/div><div class=\"col-12 col-sm-8 col-md-6 col-lg-5 col-xl-1\"><div class=\"__item\" data-aos=\"zoom-in\" data-aos-delay=\"350\" data-aos-offset=\"150\"><div class=\"d-table\"><div class=\"d-table-cell align-middle\"><i class=\"__ico\"><img decoding=\"async\" src=\"https:\/\/www.agrozobor.com\/wp-content\/uploads\/2019\/02\/ico_count_4-1.png\" class=\"img-fluid\" alt=\"ico_count_4-1.png\"><\/i><\/div><div class=\"d-table-cell align-middle\"><p class=\"__count js-count\" data-from=\"0\" data-to=\"35\">35<\/p><p class=\"__title\">units of machinery<\/p><\/div><\/div><\/div><\/div><\/div><\/div><\/div><\/div><\/div><\/div><\/div><\/div><div class=\"nt_clearfix\"><\/div><div class=\"agro-section-wrapper vc_custom_1623267210799 nt-has-fill\"><div class=\"container container-stretch\"><div class=\"row\"><div class=\"nt-column col-sm-12\"><div class=\"nt-shortcode-wrapper\"><div class=\"vc_empty_space\"   style=\"height: 100px\"><span class=\"vc_empty_space_inner\"><\/span><\/div><\/div><\/div><\/div><\/div><\/div><div class=\"nt_clearfix\"><\/div><div class=\"agro-section-wrapper\"><div class=\"nt-column\"><div class=\"nt-shortcode-wrapper\"><div class=\"section section--no-pb about--1 md-hide-bg item_69e2343ae8aa3 vc_custom_1628579785136\" data-res-css=\"    .section.item_69e2343ae8aa3 .section-heading .__title {color: #056839; }          \"><div class=\"container\"><div class=\"section-heading\"><h2 class=\"__title\">Plant production <span><\/span><\/h2><\/div><div class=\"row\"><div class=\"col-12 col-lg-6 col-xl-8\">\n<p style=\"text-align: left;\">On our fields we grow forage crops without using pesticides or artificial fertilizers, we follow the rules of organic farming. We have also decided to incorporate so-called special crop production, which is one of the key priorities for applying environmental principles. In cooperation with the Slovak Union of Fruit Growers, we are preparing a project for an orchard in Preselany, where we will plant apple, plum and apricot trees.<\/p>\n<ul>\n<li style=\"text-align: left;\">\u2013 Fodder - without chemical treatment<\/li>\n<li style=\"text-align: left;\">\u2013 Special crop production - cabbage, orchard<\/li>\n<li style=\"text-align: left;\">\u2013 Oats, barley, lucerne, grass on arable land<\/li>\n<\/ul>\n<\/div><\/div><\/div><\/div><\/div><\/div><\/div><div class=\"nt_clearfix\"><\/div><div class=\"agro-section-wrapper\"><div class=\"nt-column col-sm-12\"><div class=\"nt-shortcode-wrapper\"><div class=\"section section--no-pb about--1 item_69e2343ae8f7a\" data-res-css=\"    .section.item_69e2343ae8f7a .section-heading .__title {color: #056839; }          \"><div class=\"container\"><div class=\"section-heading\"><h2 class=\"__title\">BREEDING <span><\/span><\/h2><\/div><div class=\"row\"><div class=\"col-12 col-lg-6 col-xl-8\">Most of our animals are cared for in accordance with organic husbandry practices. We prefer for them to move freely throughout the year, which has a positive impact on the surrounding landscape. By grazing the meadows, they also save us from a lot of mowing.<\/p>\n<ul>\n<li>\u2013 Cattle breeding<\/li>\n<li>\u2013 Chicken breeding for meat + eggs<\/li>\n<li>\u2013 Pig breeding<\/li>\n<li>\u2013 Sheep breeding<\/li>\n<li>\u2013 Goat breeding<\/li>\n<\/ul>\n<\/div><\/div><\/div><\/div><\/div><\/div><\/div><div class=\"nt_clearfix\"><\/div><div class=\"vc_row wpb_row vc_row-fluid\"><div class=\"nt-column col-sm-12\"><div class=\"nt-shortcode-wrapper\"><div class=\"vc_empty_space\"   style=\"height: 100px\"><span class=\"vc_empty_space_inner\"><\/span><\/div><\/div><\/div><\/div><div class=\"agro-section-wrapper vc_custom_1623267210799 nt-has-fill\"><div class=\"container container-stretch\"><div class=\"row\"><div class=\"nt-column col-sm-12\"><div class=\"nt-shortcode-wrapper\"><div class=\"vc_empty_space\"   style=\"height: 100px\"><span class=\"vc_empty_space_inner\"><\/span><\/div><\/div><\/div><\/div><\/div><\/div><div class=\"nt_clearfix\"><\/div><div class=\"vc_row wpb_row vc_row-fluid\"><div class=\"nt-column col-sm-12\"><div class=\"nt-shortcode-wrapper\"><div class=\"vc_empty_space\"   style=\"height: 100px\"><span class=\"vc_empty_space_inner\"><\/span><\/div><\/div><\/div><\/div><div class=\"vc_row wpb_row vc_row-fluid\"><div class=\"nt-column col-sm-12\"><div class=\"nt-shortcode-wrapper\">\n\t<div class=\"wpb_text_column wpb_content_element\" >\n\t\t<div class=\"wpb_wrapper\">\n\t\t\t<h2 style=\"text-align: center;\">Partners<\/h2>\n\n\t\t<\/div>\n\t<\/div>\n<div class=\"row vc_custom_1624360045957 vc_row-o-content-middle vc_row-flex\"><div class=\"nt-column col-sm-4\"><div class=\"nt-column-inner\"><div class=\"nt-wrapper\">\n\t<div class=\"wpb_text_column wpb_content_element\" >\n\t\t<div class=\"wpb_wrapper\">\n\t\t\t<p style=\"text-align: right;\"><a href=\"https:\/\/www.ousr.sk\/\" target=\"_blank\" rel=\"noopener\"><img decoding=\"async\" class=\"wp-image-3109 size-thumbnail aligncenter\" src=\"https:\/\/www.agrozobor.com\/wp-content\/uploads\/2021\/06\/Logo-ovocinarska-unia-1k1-150x150.png\" alt=\"OUSR\" width=\"150\" height=\"150\" srcset=\"https:\/\/www.agrozobor.com\/wp-content\/uploads\/2021\/06\/Logo-ovocinarska-unia-1k1-150x150.png 150w, https:\/\/www.agrozobor.com\/wp-content\/uploads\/2021\/06\/Logo-ovocinarska-unia-1k1-300x300.png 300w, https:\/\/www.agrozobor.com\/wp-content\/uploads\/2021\/06\/Logo-ovocinarska-unia-1k1-120x120.png 120w, https:\/\/www.agrozobor.com\/wp-content\/uploads\/2021\/06\/Logo-ovocinarska-unia-1k1-240x240.png 240w, https:\/\/www.agrozobor.com\/wp-content\/uploads\/2021\/06\/Logo-ovocinarska-unia-1k1-360x360.png 360w, https:\/\/www.agrozobor.com\/wp-content\/uploads\/2021\/06\/Logo-ovocinarska-unia-1k1-480x480.png 480w, https:\/\/www.agrozobor.com\/wp-content\/uploads\/2021\/06\/Logo-ovocinarska-unia-1k1-600x600.png 600w, https:\/\/www.agrozobor.com\/wp-content\/uploads\/2021\/06\/Logo-ovocinarska-unia-1k1-100x100.png 100w, https:\/\/www.agrozobor.com\/wp-content\/uploads\/2021\/06\/Logo-ovocinarska-unia-1k1.png 626w\" sizes=\"(max-width: 150px) 100vw, 150px\" \/><\/a><\/p>\n\n\t\t<\/div>\n\t<\/div>\n<\/div><\/div><\/div><div class=\"nt-column col-sm-4\"><div class=\"nt-column-inner\"><div class=\"nt-wrapper\">\n\t<div class=\"wpb_text_column wpb_content_element\" >\n\t\t<div class=\"wpb_wrapper\">\n\t\t\t<p style=\"text-align: center;\"><a href=\"https:\/\/www.uniag.sk\/sk\/uvodna-stranka\/\" target=\"_blank\" rel=\"noopener\"><img decoding=\"async\" class=\"aligncenter wp-image-3011 size-thumbnail\" src=\"https:\/\/www.agrozobor.com\/wp-content\/uploads\/2021\/06\/SPU_CB-150x150.jpg\" alt=\"UNIAG\" width=\"150\" height=\"150\" srcset=\"https:\/\/www.agrozobor.com\/wp-content\/uploads\/2021\/06\/SPU_CB-150x150.jpg 150w, https:\/\/www.agrozobor.com\/wp-content\/uploads\/2021\/06\/SPU_CB-300x300.jpg 300w, https:\/\/www.agrozobor.com\/wp-content\/uploads\/2021\/06\/SPU_CB-120x120.jpg 120w, https:\/\/www.agrozobor.com\/wp-content\/uploads\/2021\/06\/SPU_CB-240x240.jpg 240w, https:\/\/www.agrozobor.com\/wp-content\/uploads\/2021\/06\/SPU_CB-360x360.jpg 360w, https:\/\/www.agrozobor.com\/wp-content\/uploads\/2021\/06\/SPU_CB-358x360.jpg 358w, https:\/\/www.agrozobor.com\/wp-content\/uploads\/2021\/06\/SPU_CB-480x480.jpg 480w, https:\/\/www.agrozobor.com\/wp-content\/uploads\/2021\/06\/SPU_CB-478x480.jpg 478w, https:\/\/www.agrozobor.com\/wp-content\/uploads\/2021\/06\/SPU_CB-100x100.jpg 100w, https:\/\/www.agrozobor.com\/wp-content\/uploads\/2021\/06\/SPU_CB.jpg 597w\" sizes=\"(max-width: 150px) 100vw, 150px\" \/><\/a><\/p>\n\n\t\t<\/div>\n\t<\/div>\n<\/div><\/div><\/div><div class=\"nt-column col-sm-4\"><div class=\"nt-column-inner\"><div class=\"nt-wrapper\">\n\t<div class=\"wpb_text_column wpb_content_element  vc_custom_1624359935390\" >\n\t\t<div class=\"wpb_wrapper\">\n\t\t\t<p><a href=\"https:\/\/www.stuba.sk\/\" target=\"_blank\" rel=\"noopener\"><img decoding=\"async\" class=\"wp-image-3012 size-medium aligncenter\" src=\"https:\/\/www.agrozobor.com\/wp-content\/uploads\/2021\/06\/stu_800-300x83.png\" alt=\"STUBA\" width=\"300\" height=\"83\" srcset=\"https:\/\/www.agrozobor.com\/wp-content\/uploads\/2021\/06\/stu_800-300x83.png 300w, https:\/\/www.agrozobor.com\/wp-content\/uploads\/2021\/06\/stu_800-120x33.png 120w, https:\/\/www.agrozobor.com\/wp-content\/uploads\/2021\/06\/stu_800-240x66.png 240w, https:\/\/www.agrozobor.com\/wp-content\/uploads\/2021\/06\/stu_800-360x100.png 360w, https:\/\/www.agrozobor.com\/wp-content\/uploads\/2021\/06\/stu_800-480x133.png 480w, https:\/\/www.agrozobor.com\/wp-content\/uploads\/2021\/06\/stu_800-600x166.png 600w, https:\/\/www.agrozobor.com\/wp-content\/uploads\/2021\/06\/stu_800.png 686w\" sizes=\"(max-width: 300px) 100vw, 300px\" \/><\/a><\/p>\n\n\t\t<\/div>\n\t<\/div>\n<\/div><\/div><\/div><\/div><\/div><\/div><\/div>","protected":false},"excerpt":{"rendered":"O N\u00e1sHomeO DRU\u017dSTVE Skupina Agro Zobor vznikla na\u0161\u00edm dlhoro\u010dn\u00fdm p\u00f4soben\u00edm v oblasti po\u013enohospod\u00e1rskej v\u00fdroby. S na\u0161imi partnermi obhospodarujeme pribli\u017ene 3 500 hekt\u00e1rov p\u00f4dy na Slovensku a v Bielorusku. Venujeme sa rastlinnej v\u00fdrobe, ako aj chovu hospod\u00e1rskych zvierat. Z\u00e1rove\u0148 realizujeme projekty v oblasti udr\u017eate\u013en\u00e9ho rozvoja, ochrany biodiverzity a zvy\u0161ovania ekologickej \u00farovne \u017eivotn\u00e9ho prostredia. Spolu chov\u00e1me 800...","protected":false},"author":3,"featured_media":0,"parent":0,"menu_order":0,"comment_status":"closed","ping_status":"closed","template":"custom-page.php","meta":{"footnotes":""},"yoast_head":"<!-- This site is optimized with the Yoast SEO plugin v21.9.1 - https:\/\/yoast.com\/wordpress\/plugins\/seo\/ -->\n<title>O n\u00e1s - AGRO ZOBOR<\/title>\n<meta name=\"robots\" content=\"index, follow, max-snippet:-1, max-image-preview:large, max-video-preview:-1\" \/>\n<link rel=\"canonical\" href=\"https:\/\/www.agrozobor.com\/en\/o-nas\/\" \/>\n<meta property=\"og:locale\" content=\"en_GB\" \/>\n<meta property=\"og:type\" content=\"article\" \/>\n<meta property=\"og:title\" content=\"O n\u00e1s - AGRO ZOBOR\" \/>\n<meta property=\"og:url\" content=\"https:\/\/www.agrozobor.com\/en\/o-nas\/\" \/>\n<meta property=\"og:site_name\" content=\"AGRO ZOBOR\" \/>\n<meta property=\"article:modified_time\" content=\"2021-11-26T07:28:26+00:00\" \/>\n<meta property=\"og:image\" content=\"https:\/\/www.agrozobor.com\/wp-content\/uploads\/2021\/06\/Logo-ovocinarska-unia-1k1-150x150.png\" \/>\n<meta name=\"twitter:card\" content=\"summary_large_image\" \/>\n<meta name=\"twitter:label1\" content=\"Estimated reading time\" \/>\n\t<meta name=\"twitter:data1\" content=\"3 minutes\" \/>\n<script type=\"application\/ld+json\" class=\"yoast-schema-graph\">{\"@context\":\"https:\/\/schema.org\",\"@graph\":[{\"@type\":\"WebPage\",\"@id\":\"https:\/\/www.agrozobor.com\/o-nas\/\",\"url\":\"https:\/\/www.agrozobor.com\/o-nas\/\",\"name\":\"O n\u00e1s - AGRO ZOBOR\",\"isPartOf\":{\"@id\":\"https:\/\/www.agrozobor.com\/#website\"},\"datePublished\":\"2019-02-05T07:05:06+00:00\",\"dateModified\":\"2021-11-26T07:28:26+00:00\",\"breadcrumb\":{\"@id\":\"https:\/\/www.agrozobor.com\/o-nas\/#breadcrumb\"},\"inLanguage\":\"en-GB\",\"potentialAction\":[{\"@type\":\"ReadAction\",\"target\":[\"https:\/\/www.agrozobor.com\/o-nas\/\"]}]},{\"@type\":\"BreadcrumbList\",\"@id\":\"https:\/\/www.agrozobor.com\/o-nas\/#breadcrumb\",\"itemListElement\":[{\"@type\":\"ListItem\",\"position\":1,\"name\":\"Home\",\"item\":\"https:\/\/www.agrozobor.com\/\"},{\"@type\":\"ListItem\",\"position\":2,\"name\":\"O n\u00e1s\"}]},{\"@type\":\"WebSite\",\"@id\":\"https:\/\/www.agrozobor.com\/#website\",\"url\":\"https:\/\/www.agrozobor.com\/\",\"name\":\"AGRO ZOBOR\",\"description\":\"\",\"potentialAction\":[{\"@type\":\"SearchAction\",\"target\":{\"@type\":\"EntryPoint\",\"urlTemplate\":\"https:\/\/www.agrozobor.com\/?s={search_term_string}\"},\"query-input\":\"required name=search_term_string\"}],\"inLanguage\":\"en-GB\"}]}<\/script>\n<!-- \/ Yoast SEO plugin. -->","yoast_head_json":{"title":"O n\u00e1s - AGRO ZOBOR","robots":{"index":"index","follow":"follow","max-snippet":"max-snippet:-1","max-image-preview":"max-image-preview:large","max-video-preview":"max-video-preview:-1"},"canonical":"https:\/\/www.agrozobor.com\/en\/o-nas\/","og_locale":"en_GB","og_type":"article","og_title":"O n\u00e1s - AGRO ZOBOR","og_url":"https:\/\/www.agrozobor.com\/en\/o-nas\/","og_site_name":"AGRO ZOBOR","article_modified_time":"2021-11-26T07:28:26+00:00","og_image":[{"url":"https:\/\/www.agrozobor.com\/wp-content\/uploads\/2021\/06\/Logo-ovocinarska-unia-1k1-150x150.png"}],"twitter_card":"summary_large_image","twitter_misc":{"Estimated reading time":"3 minutes"},"schema":{"@context":"https:\/\/schema.org","@graph":[{"@type":"WebPage","@id":"https:\/\/www.agrozobor.com\/o-nas\/","url":"https:\/\/www.agrozobor.com\/o-nas\/","name":"O n\u00e1s - AGRO ZOBOR","isPartOf":{"@id":"https:\/\/www.agrozobor.com\/#website"},"datePublished":"2019-02-05T07:05:06+00:00","dateModified":"2021-11-26T07:28:26+00:00","breadcrumb":{"@id":"https:\/\/www.agrozobor.com\/o-nas\/#breadcrumb"},"inLanguage":"en-GB","potentialAction":[{"@type":"ReadAction","target":["https:\/\/www.agrozobor.com\/o-nas\/"]}]},{"@type":"BreadcrumbList","@id":"https:\/\/www.agrozobor.com\/o-nas\/#breadcrumb","itemListElement":[{"@type":"ListItem","position":1,"name":"Home","item":"https:\/\/www.agrozobor.com\/"},{"@type":"ListItem","position":2,"name":"O n\u00e1s"}]},{"@type":"WebSite","@id":"https:\/\/www.agrozobor.com\/#website","url":"https:\/\/www.agrozobor.com\/","name":"AGRO ZOBOR","description":"","potentialAction":[{"@type":"SearchAction","target":{"@type":"EntryPoint","urlTemplate":"https:\/\/www.agrozobor.com\/?s={search_term_string}"},"query-input":"required name=search_term_string"}],"inLanguage":"en-GB"}]}},"_links":{"self":[{"href":"https:\/\/www.agrozobor.com\/en\/wp-json\/wp\/v2\/pages\/238"}],"collection":[{"href":"https:\/\/www.agrozobor.com\/en\/wp-json\/wp\/v2\/pages"}],"about":[{"href":"https:\/\/www.agrozobor.com\/en\/wp-json\/wp\/v2\/types\/page"}],"author":[{"embeddable":true,"href":"https:\/\/www.agrozobor.com\/en\/wp-json\/wp\/v2\/users\/3"}],"replies":[{"embeddable":true,"href":"https:\/\/www.agrozobor.com\/en\/wp-json\/wp\/v2\/comments?post=238"}],"version-history":[{"count":7,"href":"https:\/\/www.agrozobor.com\/en\/wp-json\/wp\/v2\/pages\/238\/revisions"}],"predecessor-version":[{"id":3522,"href":"https:\/\/www.agrozobor.com\/en\/wp-json\/wp\/v2\/pages\/238\/revisions\/3522"}],"wp:attachment":[{"href":"https:\/\/www.agrozobor.com\/en\/wp-json\/wp\/v2\/media?parent=238"}],"curies":[{"name":"wp","href":"https:\/\/api.w.org\/{rel}","templated":true}]}}