{"id":3124,"date":"2021-06-23T11:06:00","date_gmt":"2021-06-23T09:06:00","guid":{"rendered":"https:\/\/www.agrozobor.com\/?page_id=3124"},"modified":"2021-11-15T12:02:33","modified_gmt":"2021-11-15T11:02:33","slug":"ponuka","status":"publish","type":"page","link":"https:\/\/www.agrozobor.com\/en\/ponuka\/","title":{"rendered":"Offer"},"content":{"rendered":"<div class=\"agro-section-wrapper\"><div class=\"nt-column\"><div class=\"nt-shortcode-wrapper\"><div id=\"hero\" class=\"nt-shortcode-hero jarallax section_69e2341dd1e08 vc_custom_1636974151967\" data-speed=\"0.7\" data-img-position=\"50% 80%\" data-res-css=\"      .nt-shortcode-hero.section_69e2341dd1e08 .breadcrumbs__link,.nt-shortcode-hero.section_69e2341dd1e08 .bitem {color: #056839; } .nt-shortcode-hero.section_69e2341dd1e08 li.active, .nt-shortcode-hero.section_69e2341dd1e08 .breadcrumbs__link:hover {color: #fcdb5a; }   \"><div class=\"container\"><div class=\"row\"><div class=\"col-12 col-lg-7\"><h1 class=\"__title\"><span><\/span> Our offer<\/h1><div class=\"shortcode-page-breadcrumbs breadcrumb\"><div class=\"nt-breadcrumbs\"><ul class=\"nt-breadcrumbs-list\"><li class=\"bitem\"><span><a class=\"breadcrumbs__link\" href=\"https:\/\/www.agrozobor.com\/en\/\"><span>Home<\/span><\/a><\/span><\/li><\/ul><\/div><\/div><\/div><\/div><\/div><span class=\"page-scroll-discover\"><\/span><\/div><\/div><\/div><\/div><div class=\"nt_clearfix\"><\/div><div class=\"vc_row wpb_row vc_row-fluid vc_custom_1628583426988 vc_row-has-fill\"><div class=\"nt-column col-sm-12\"><div class=\"nt-shortcode-wrapper\"><div class=\"vc_empty_space\"   style=\"height: 100px\"><span class=\"vc_empty_space_inner\"><\/span><\/div><\/div><\/div><\/div><div class=\"agro-section-wrapper\"><div class=\"nt-column col-sm-12\"><div class=\"nt-shortcode-wrapper\"><div class=\"section section--no-pb about--1 item_69e2341dd31a1\" data-res-css=\"    .section.item_69e2341dd31a1 .section-heading .__title {color: #056839; }          \"><div class=\"container\"><div class=\"row\"><div class=\"col-12 col-lg-6 col-xl-8\">At AGROZOBOR<\/p>\n<p>We offer you a selection of the highest quality products and services.<\/div><\/div><\/div><\/div><\/div><\/div><\/div><div class=\"nt_clearfix\"><\/div><div data-vc-full-width=\"true\" data-vc-full-width-init=\"false\" data-vc-stretch-content=\"true\" class=\"vc_row wpb_row vc_row-fluid vc_custom_1628583881465 vc_row-o-equal-height vc_row-o-content-middle vc_row-flex\"><div class=\"nt-column col-sm-3\"><div class=\"nt-shortcode-wrapper\">\n\t<div class=\"wpb_text_column wpb_content_element\" >\n\t\t<div class=\"wpb_wrapper\">\n\t\t\t<div id=\"attachment_3197\" style=\"width: 160px\" class=\"wp-caption aligncenter\"><a href=\"https:\/\/www.agrozobor.com\/en\/ponuka\/maso\/\"><img decoding=\"async\" aria-describedby=\"caption-attachment-3197\" class=\"wp-image-3197 size-thumbnail\" src=\"https:\/\/www.agrozobor.com\/wp-content\/uploads\/2021\/07\/AdobeStock_118025465-150x150.jpeg\" alt=\"\" width=\"150\" height=\"150\" srcset=\"https:\/\/www.agrozobor.com\/wp-content\/uploads\/2021\/07\/AdobeStock_118025465-150x150.jpeg 150w, https:\/\/www.agrozobor.com\/wp-content\/uploads\/2021\/07\/AdobeStock_118025465-120x120.jpeg 120w, https:\/\/www.agrozobor.com\/wp-content\/uploads\/2021\/07\/AdobeStock_118025465-240x240.jpeg 240w, https:\/\/www.agrozobor.com\/wp-content\/uploads\/2021\/07\/AdobeStock_118025465-360x360.jpeg 360w, https:\/\/www.agrozobor.com\/wp-content\/uploads\/2021\/07\/AdobeStock_118025465-480x480.jpeg 480w, https:\/\/www.agrozobor.com\/wp-content\/uploads\/2021\/07\/AdobeStock_118025465-820x820.jpeg 820w, https:\/\/www.agrozobor.com\/wp-content\/uploads\/2021\/07\/AdobeStock_118025465-1040x1040.jpeg 1040w, https:\/\/www.agrozobor.com\/wp-content\/uploads\/2021\/07\/AdobeStock_118025465-300x300.jpeg 300w, https:\/\/www.agrozobor.com\/wp-content\/uploads\/2021\/07\/AdobeStock_118025465-100x100.jpeg 100w\" sizes=\"(max-width: 150px) 100vw, 150px\" \/><\/a><p id=\"caption-attachment-3197\" class=\"wp-caption-text\">Meat<\/p><\/div>\n\n\t\t<\/div>\n\t<\/div>\n<\/div><\/div><div class=\"nt-column col-sm-3\"><div class=\"nt-shortcode-wrapper\">\n\t<div class=\"wpb_text_column wpb_content_element\" >\n\t\t<div class=\"wpb_wrapper\">\n\t\t\t<div id=\"attachment_3292\" style=\"width: 160px\" class=\"wp-caption aligncenter\"><a href=\"https:\/\/www.agrozobor.com\/en\/ponuka\/chov\/\"><img decoding=\"async\" aria-describedby=\"caption-attachment-3292\" class=\"wp-image-3292 size-thumbnail\" src=\"https:\/\/www.agrozobor.com\/wp-content\/uploads\/2021\/08\/09-1-150x150.jpg\" alt=\"\" width=\"150\" height=\"150\" srcset=\"https:\/\/www.agrozobor.com\/wp-content\/uploads\/2021\/08\/09-1-150x150.jpg 150w, https:\/\/www.agrozobor.com\/wp-content\/uploads\/2021\/08\/09-1-120x120.jpg 120w, https:\/\/www.agrozobor.com\/wp-content\/uploads\/2021\/08\/09-1-240x240.jpg 240w, https:\/\/www.agrozobor.com\/wp-content\/uploads\/2021\/08\/09-1-360x360.jpg 360w, https:\/\/www.agrozobor.com\/wp-content\/uploads\/2021\/08\/09-1-480x480.jpg 480w, https:\/\/www.agrozobor.com\/wp-content\/uploads\/2021\/08\/09-1-820x820.jpg 820w, https:\/\/www.agrozobor.com\/wp-content\/uploads\/2021\/08\/09-1-1040x1040.jpg 1040w, https:\/\/www.agrozobor.com\/wp-content\/uploads\/2021\/08\/09-1-300x300.jpg 300w, https:\/\/www.agrozobor.com\/wp-content\/uploads\/2021\/08\/09-1-100x100.jpg 100w\" sizes=\"(max-width: 150px) 100vw, 150px\" \/><\/a><p id=\"caption-attachment-3292\" class=\"wp-caption-text\">Breeding<\/p><\/div>\n\n\t\t<\/div>\n\t<\/div>\n<\/div><\/div><div class=\"nt-column col-sm-3\"><div class=\"nt-shortcode-wrapper\">\n\t<div class=\"wpb_text_column wpb_content_element\" >\n\t\t<div class=\"wpb_wrapper\">\n\t\t\t<div id=\"attachment_3294\" style=\"width: 160px\" class=\"wp-caption aligncenter\"><a href=\"https:\/\/www.agrozobor.com\/en\/ponuka\/vajicka\/\"><img decoding=\"async\" aria-describedby=\"caption-attachment-3294\" class=\"wp-image-3294 size-thumbnail\" src=\"https:\/\/www.agrozobor.com\/wp-content\/uploads\/2021\/08\/AdobeStock_218231963-150x150.jpeg\" alt=\"\" width=\"150\" height=\"150\" srcset=\"https:\/\/www.agrozobor.com\/wp-content\/uploads\/2021\/08\/AdobeStock_218231963-150x150.jpeg 150w, https:\/\/www.agrozobor.com\/wp-content\/uploads\/2021\/08\/AdobeStock_218231963-120x120.jpeg 120w, https:\/\/www.agrozobor.com\/wp-content\/uploads\/2021\/08\/AdobeStock_218231963-240x240.jpeg 240w, https:\/\/www.agrozobor.com\/wp-content\/uploads\/2021\/08\/AdobeStock_218231963-360x360.jpeg 360w, https:\/\/www.agrozobor.com\/wp-content\/uploads\/2021\/08\/AdobeStock_218231963-480x480.jpeg 480w, https:\/\/www.agrozobor.com\/wp-content\/uploads\/2021\/08\/AdobeStock_218231963-820x820.jpeg 820w, https:\/\/www.agrozobor.com\/wp-content\/uploads\/2021\/08\/AdobeStock_218231963-1040x1040.jpeg 1040w, https:\/\/www.agrozobor.com\/wp-content\/uploads\/2021\/08\/AdobeStock_218231963-300x300.jpeg 300w, https:\/\/www.agrozobor.com\/wp-content\/uploads\/2021\/08\/AdobeStock_218231963-100x100.jpeg 100w\" sizes=\"(max-width: 150px) 100vw, 150px\" \/><\/a><p id=\"caption-attachment-3294\" class=\"wp-caption-text\">Eggs<\/p><\/div>\n\n\t\t<\/div>\n\t<\/div>\n<\/div><\/div><div class=\"nt-column col-sm-3\"><div class=\"nt-shortcode-wrapper\">\n\t<div class=\"wpb_text_column wpb_content_element\" >\n\t\t<div class=\"wpb_wrapper\">\n\t\t\t<div id=\"attachment_3296\" style=\"width: 160px\" class=\"wp-caption aligncenter\"><a href=\"https:\/\/www.agrozobor.com\/en\/ponuka\/mlieko\/\"><img decoding=\"async\" aria-describedby=\"caption-attachment-3296\" class=\"wp-image-3296 size-thumbnail\" src=\"https:\/\/www.agrozobor.com\/wp-content\/uploads\/2021\/08\/AdobeStock_174762861-150x150.jpeg\" alt=\"\" width=\"150\" height=\"150\" srcset=\"https:\/\/www.agrozobor.com\/wp-content\/uploads\/2021\/08\/AdobeStock_174762861-150x150.jpeg 150w, https:\/\/www.agrozobor.com\/wp-content\/uploads\/2021\/08\/AdobeStock_174762861-120x120.jpeg 120w, https:\/\/www.agrozobor.com\/wp-content\/uploads\/2021\/08\/AdobeStock_174762861-240x240.jpeg 240w, https:\/\/www.agrozobor.com\/wp-content\/uploads\/2021\/08\/AdobeStock_174762861-360x360.jpeg 360w, https:\/\/www.agrozobor.com\/wp-content\/uploads\/2021\/08\/AdobeStock_174762861-480x480.jpeg 480w, https:\/\/www.agrozobor.com\/wp-content\/uploads\/2021\/08\/AdobeStock_174762861-820x820.jpeg 820w, https:\/\/www.agrozobor.com\/wp-content\/uploads\/2021\/08\/AdobeStock_174762861-1040x1040.jpeg 1040w, https:\/\/www.agrozobor.com\/wp-content\/uploads\/2021\/08\/AdobeStock_174762861-300x300.jpeg 300w, https:\/\/www.agrozobor.com\/wp-content\/uploads\/2021\/08\/AdobeStock_174762861-100x100.jpeg 100w\" sizes=\"(max-width: 150px) 100vw, 150px\" \/><\/a><p id=\"caption-attachment-3296\" class=\"wp-caption-text\">Milk<\/p><\/div>\n\n\t\t<\/div>\n\t<\/div>\n<\/div><\/div><\/div><div class=\"vc_row-full-width vc_clearfix\"><\/div><div class=\"vc_row wpb_row vc_row-fluid\"><div class=\"nt-column col-sm-12\"><div class=\"nt-shortcode-wrapper\"><div class=\"vc_empty_space\"   style=\"height: 100px\"><span class=\"vc_empty_space_inner\"><\/span><\/div><\/div><\/div><\/div><div class=\"vc_row wpb_row vc_row-fluid vc_custom_1628583426988 vc_row-has-fill\"><div class=\"nt-column col-sm-12\"><div class=\"nt-shortcode-wrapper\"><div class=\"vc_empty_space\"   style=\"height: 100px\"><span class=\"vc_empty_space_inner\"><\/span><\/div><\/div><\/div><\/div>","protected":false},"excerpt":{"rendered":"Na\u0161a ponukaHomeU n\u00e1s v AGROZOBOR V\u00e1m pon\u00fakame v\u00fdber t\u00fdch najkvalitnej\u0161\u00edch produktov. M\u00e4so Chov Vaj\u00ed\u010dka Mlieko","protected":false},"author":3,"featured_media":0,"parent":0,"menu_order":0,"comment_status":"closed","ping_status":"closed","template":"custom-page.php","meta":{"footnotes":""},"yoast_head":"<!-- This site is optimized with the Yoast SEO plugin v21.9.1 - https:\/\/yoast.com\/wordpress\/plugins\/seo\/ -->\n<title>Ponuka - AGRO ZOBOR<\/title>\n<meta name=\"robots\" content=\"index, follow, max-snippet:-1, max-image-preview:large, max-video-preview:-1\" \/>\n<link rel=\"canonical\" href=\"https:\/\/www.agrozobor.com\/en\/ponuka\/\" \/>\n<meta property=\"og:locale\" content=\"en_GB\" \/>\n<meta property=\"og:type\" content=\"article\" \/>\n<meta property=\"og:title\" content=\"Ponuka - AGRO ZOBOR\" \/>\n<meta property=\"og:url\" content=\"https:\/\/www.agrozobor.com\/en\/ponuka\/\" \/>\n<meta property=\"og:site_name\" content=\"AGRO ZOBOR\" \/>\n<meta property=\"article:modified_time\" content=\"2021-11-15T11:02:33+00:00\" \/>\n<meta property=\"og:image\" content=\"https:\/\/www.agrozobor.com\/wp-content\/uploads\/2021\/07\/AdobeStock_118025465-150x150.jpeg\" \/>\n<meta name=\"twitter:card\" content=\"summary_large_image\" \/>\n<meta name=\"twitter:label1\" content=\"Estimated reading time\" \/>\n\t<meta name=\"twitter:data1\" content=\"2 minutes\" \/>\n<script type=\"application\/ld+json\" class=\"yoast-schema-graph\">{\"@context\":\"https:\/\/schema.org\",\"@graph\":[{\"@type\":\"WebPage\",\"@id\":\"https:\/\/www.agrozobor.com\/en\/ponuka\/\",\"url\":\"https:\/\/www.agrozobor.com\/en\/ponuka\/\",\"name\":\"Ponuka - AGRO ZOBOR\",\"isPartOf\":{\"@id\":\"https:\/\/www.agrozobor.com\/#website\"},\"datePublished\":\"2021-06-23T09:06:00+00:00\",\"dateModified\":\"2021-11-15T11:02:33+00:00\",\"breadcrumb\":{\"@id\":\"https:\/\/www.agrozobor.com\/en\/ponuka\/#breadcrumb\"},\"inLanguage\":\"en-GB\",\"potentialAction\":[{\"@type\":\"ReadAction\",\"target\":[\"https:\/\/www.agrozobor.com\/en\/ponuka\/\"]}]},{\"@type\":\"BreadcrumbList\",\"@id\":\"https:\/\/www.agrozobor.com\/en\/ponuka\/#breadcrumb\",\"itemListElement\":[{\"@type\":\"ListItem\",\"position\":1,\"name\":\"Home\",\"item\":\"https:\/\/www.agrozobor.com\/\"},{\"@type\":\"ListItem\",\"position\":2,\"name\":\"Ponuka\"}]},{\"@type\":\"WebSite\",\"@id\":\"https:\/\/www.agrozobor.com\/#website\",\"url\":\"https:\/\/www.agrozobor.com\/\",\"name\":\"AGRO ZOBOR\",\"description\":\"\",\"potentialAction\":[{\"@type\":\"SearchAction\",\"target\":{\"@type\":\"EntryPoint\",\"urlTemplate\":\"https:\/\/www.agrozobor.com\/?s={search_term_string}\"},\"query-input\":\"required name=search_term_string\"}],\"inLanguage\":\"en-GB\"}]}<\/script>\n<!-- \/ Yoast SEO plugin. -->","yoast_head_json":{"title":"Ponuka - AGRO ZOBOR","robots":{"index":"index","follow":"follow","max-snippet":"max-snippet:-1","max-image-preview":"max-image-preview:large","max-video-preview":"max-video-preview:-1"},"canonical":"https:\/\/www.agrozobor.com\/en\/ponuka\/","og_locale":"en_GB","og_type":"article","og_title":"Ponuka - AGRO ZOBOR","og_url":"https:\/\/www.agrozobor.com\/en\/ponuka\/","og_site_name":"AGRO ZOBOR","article_modified_time":"2021-11-15T11:02:33+00:00","og_image":[{"url":"https:\/\/www.agrozobor.com\/wp-content\/uploads\/2021\/07\/AdobeStock_118025465-150x150.jpeg"}],"twitter_card":"summary_large_image","twitter_misc":{"Estimated reading time":"2 minutes"},"schema":{"@context":"https:\/\/schema.org","@graph":[{"@type":"WebPage","@id":"https:\/\/www.agrozobor.com\/en\/ponuka\/","url":"https:\/\/www.agrozobor.com\/en\/ponuka\/","name":"Ponuka - AGRO ZOBOR","isPartOf":{"@id":"https:\/\/www.agrozobor.com\/#website"},"datePublished":"2021-06-23T09:06:00+00:00","dateModified":"2021-11-15T11:02:33+00:00","breadcrumb":{"@id":"https:\/\/www.agrozobor.com\/en\/ponuka\/#breadcrumb"},"inLanguage":"en-GB","potentialAction":[{"@type":"ReadAction","target":["https:\/\/www.agrozobor.com\/en\/ponuka\/"]}]},{"@type":"BreadcrumbList","@id":"https:\/\/www.agrozobor.com\/en\/ponuka\/#breadcrumb","itemListElement":[{"@type":"ListItem","position":1,"name":"Home","item":"https:\/\/www.agrozobor.com\/"},{"@type":"ListItem","position":2,"name":"Ponuka"}]},{"@type":"WebSite","@id":"https:\/\/www.agrozobor.com\/#website","url":"https:\/\/www.agrozobor.com\/","name":"AGRO ZOBOR","description":"","potentialAction":[{"@type":"SearchAction","target":{"@type":"EntryPoint","urlTemplate":"https:\/\/www.agrozobor.com\/?s={search_term_string}"},"query-input":"required name=search_term_string"}],"inLanguage":"en-GB"}]}},"_links":{"self":[{"href":"https:\/\/www.agrozobor.com\/en\/wp-json\/wp\/v2\/pages\/3124"}],"collection":[{"href":"https:\/\/www.agrozobor.com\/en\/wp-json\/wp\/v2\/pages"}],"about":[{"href":"https:\/\/www.agrozobor.com\/en\/wp-json\/wp\/v2\/types\/page"}],"author":[{"embeddable":true,"href":"https:\/\/www.agrozobor.com\/en\/wp-json\/wp\/v2\/users\/3"}],"replies":[{"embeddable":true,"href":"https:\/\/www.agrozobor.com\/en\/wp-json\/wp\/v2\/comments?post=3124"}],"version-history":[{"count":6,"href":"https:\/\/www.agrozobor.com\/en\/wp-json\/wp\/v2\/pages\/3124\/revisions"}],"predecessor-version":[{"id":3492,"href":"https:\/\/www.agrozobor.com\/en\/wp-json\/wp\/v2\/pages\/3124\/revisions\/3492"}],"wp:attachment":[{"href":"https:\/\/www.agrozobor.com\/en\/wp-json\/wp\/v2\/media?parent=3124"}],"curies":[{"name":"wp","href":"https:\/\/api.w.org\/{rel}","templated":true}]}}