{"id":313,"date":"2019-02-05T16:03:21","date_gmt":"2019-02-05T16:03:21","guid":{"rendered":"https:\/\/ninetheme.com\/themes\/agro\/?page_id=313"},"modified":"2021-11-15T12:01:24","modified_gmt":"2021-11-15T11:01:24","slug":"enviro","status":"publish","type":"page","link":"https:\/\/www.agrozobor.com\/en\/enviro\/","title":{"rendered":"Enviro"},"content":{"rendered":"<div class=\"agro-section-wrapper\"><div class=\"nt-column\"><div class=\"nt-shortcode-wrapper\"><div id=\"hero\" class=\"nt-shortcode-hero jarallax section_69e230045e4bd vc_custom_1636974081321\" data-speed=\"0.7\" data-img-position=\"50% 80%\" data-res-css=\"      .nt-shortcode-hero.section_69e230045e4bd .breadcrumbs__link,.nt-shortcode-hero.section_69e230045e4bd .bitem {color: #056839; } .nt-shortcode-hero.section_69e230045e4bd li.active, .nt-shortcode-hero.section_69e230045e4bd .breadcrumbs__link:hover {color: #fcdb5a; }   \"><div class=\"container\"><div class=\"row\"><div class=\"col-12 col-lg-7\"><h1 class=\"__title\"><span><\/span> ENVIRO<\/h1><div class=\"shortcode-page-breadcrumbs breadcrumb\"><div class=\"nt-breadcrumbs\"><ul class=\"nt-breadcrumbs-list\"><li class=\"bitem\"><span><a class=\"breadcrumbs__link\" href=\"https:\/\/www.agrozobor.com\/en\/\"><span>Home<\/span><\/a><\/span><\/li><\/ul><\/div><\/div><\/div><\/div><\/div><span class=\"page-scroll-discover\"><\/span><\/div><\/div><\/div><\/div><div class=\"nt_clearfix\"><\/div><div class=\"vc_row wpb_row vc_row-fluid vc_custom_1628586783800 vc_row-has-fill\"><div class=\"nt-column col-sm-12\"><div class=\"nt-shortcode-wrapper\"><div class=\"vc_empty_space\"   style=\"height: 100px\"><span class=\"vc_empty_space_inner\"><\/span><\/div><\/div><\/div><\/div><div class=\"agro-section-wrapper\"><div class=\"nt-column col-sm-12\"><div class=\"nt-shortcode-wrapper\"><div class=\"section section--no-pb about--1 item_69e230046a1f1\" data-res-css=\"    .section.item_69e230046a1f1 .section-heading .__title {color: #056839; }          \"><div class=\"container\"><div class=\"row\"><div class=\"col-12 col-lg-6 col-xl-8\">In recent years, climate change has resulted in various negative impacts on the landscape, such as floods, landslides, torrential rains, heat waves and so on. In cooperation with our partners, we are developing projects aimed at mitigating or adapting to these changes, and improving the overall quality of the environment.<\/div><\/div><\/div><\/div><\/div><\/div><\/div><div class=\"nt_clearfix\"><\/div><div class=\"vc_row wpb_row vc_row-fluid\"><div class=\"nt-column col-sm-12\"><div class=\"nt-shortcode-wrapper\"><div class=\"section section--no-pb about--1 item_69e230046a584\" data-res-css=\"    .section.item_69e230046a584 .section-heading .__title {color: #056839; }          \"><div class=\"container\"><div class=\"section-heading\"><h2 class=\"__title\">Enviromental activities <span><\/span><\/h2><\/div><div class=\"row\"><div class=\"col-12 col-lg-6 col-xl-8\">\n<ul>\n<li>\u2013 Water-retaining measures<\/li>\n<li>\u2013 Building of water reservoirs<\/li>\n<li>\u2013 Biocorridor and revitalisation of oxbow lakes<\/li>\n<li>\u2013 Conversion of drainage canals into irrigation canals<\/li>\n<li>\u2013 Retention of rainwater from roofs<\/li>\n<li>\u2013 Measures to protect against soil erosion<\/li>\n<li>\u2013 Planting of trees<\/li>\n<li>\u2013 Green belts<\/li>\n<li>\u2013 Removal of old environmental burdens<\/li>\n<li>\u2013 Removal of a rubbish dump<\/li>\n<li>\u2013 Garbage collection<\/li>\n<\/ul>\n<p><!--more-->We use energy from renewable sources - hydropower and photovoltaic panels.<\/div><\/div><\/div><\/div><div class=\"vc_empty_space\"   style=\"height: 100px\"><span class=\"vc_empty_space_inner\"><\/span><\/div><\/div><\/div><\/div><div class=\"vc_row wpb_row vc_row-fluid vc_custom_1628586834919 vc_row-has-fill\"><div class=\"nt-column col-sm-12\"><div class=\"nt-shortcode-wrapper\"><div class=\"vc_empty_space\"   style=\"height: 100px\"><span class=\"vc_empty_space_inner\"><\/span><\/div><\/div><\/div><\/div>","protected":false},"excerpt":{"rendered":"<p>&#8211; Vodoz\u00e1dr\u017en\u00e9 opatrenia &#8211; Budovanie jazier &#8211; Biokoridor a revitaliz\u00e1cia m\u0155tvych ramien rieky &#8211; Premena hydromeliora\u010dn\u00fdch kan\u00e1lov na zavla\u017eovacie &#8211; Zadr\u017eiavanie vody zo striech &#8211; Opatrenia na ochranu pred er\u00f3ziou p\u00f4dy &#8211; V\u00fdsadba drev\u00edn &#8211; Zelen\u00e9 p\u00e1sy &#8211; Odstra\u0148ovanie star\u00fdch environment\u00e1lnych z\u00e1\u0165a\u017e\u00ed &#8211; Odstr\u00e1nenie smetiska &#8211; Zber smet\u00ed<\/p>","protected":false},"author":3,"featured_media":0,"parent":0,"menu_order":0,"comment_status":"closed","ping_status":"closed","template":"custom-page.php","meta":{"footnotes":""},"yoast_head":"<!-- This site is optimized with the Yoast SEO plugin v21.9.1 - https:\/\/yoast.com\/wordpress\/plugins\/seo\/ -->\n<title>Enviro - AGRO ZOBOR<\/title>\n<meta name=\"robots\" content=\"index, follow, max-snippet:-1, max-image-preview:large, max-video-preview:-1\" \/>\n<link rel=\"canonical\" href=\"https:\/\/www.agrozobor.com\/en\/enviro\/\" \/>\n<meta property=\"og:locale\" content=\"en_GB\" \/>\n<meta property=\"og:type\" content=\"article\" \/>\n<meta property=\"og:title\" content=\"Enviro - AGRO ZOBOR\" \/>\n<meta property=\"og:description\" content=\"&#8211; Vodoz\u00e1dr\u017en\u00e9 opatrenia &#8211; Budovanie jazier &#8211; Biokoridor a revitaliz\u00e1cia m\u0155tvych ramien rieky &#8211; Premena hydromeliora\u010dn\u00fdch kan\u00e1lov na zavla\u017eovacie &#8211; Zadr\u017eiavanie vody zo striech &#8211; Opatrenia na ochranu pred er\u00f3ziou p\u00f4dy &#8211; V\u00fdsadba drev\u00edn &#8211; Zelen\u00e9 p\u00e1sy &#8211; Odstra\u0148ovanie star\u00fdch environment\u00e1lnych z\u00e1\u0165a\u017e\u00ed &#8211; Odstr\u00e1nenie smetiska &#8211; Zber smet\u00ed\" \/>\n<meta property=\"og:url\" content=\"https:\/\/www.agrozobor.com\/en\/enviro\/\" \/>\n<meta property=\"og:site_name\" content=\"AGRO ZOBOR\" \/>\n<meta property=\"article:modified_time\" content=\"2021-11-15T11:01:24+00:00\" \/>\n<meta name=\"twitter:card\" content=\"summary_large_image\" \/>\n<meta name=\"twitter:label1\" content=\"Estimated reading time\" \/>\n\t<meta name=\"twitter:data1\" content=\"1 minute\" \/>\n<script type=\"application\/ld+json\" class=\"yoast-schema-graph\">{\"@context\":\"https:\/\/schema.org\",\"@graph\":[{\"@type\":\"WebPage\",\"@id\":\"https:\/\/www.agrozobor.com\/enviro\/\",\"url\":\"https:\/\/www.agrozobor.com\/enviro\/\",\"name\":\"Enviro - AGRO ZOBOR\",\"isPartOf\":{\"@id\":\"https:\/\/www.agrozobor.com\/#website\"},\"datePublished\":\"2019-02-05T16:03:21+00:00\",\"dateModified\":\"2021-11-15T11:01:24+00:00\",\"breadcrumb\":{\"@id\":\"https:\/\/www.agrozobor.com\/enviro\/#breadcrumb\"},\"inLanguage\":\"en-GB\",\"potentialAction\":[{\"@type\":\"ReadAction\",\"target\":[\"https:\/\/www.agrozobor.com\/enviro\/\"]}]},{\"@type\":\"BreadcrumbList\",\"@id\":\"https:\/\/www.agrozobor.com\/enviro\/#breadcrumb\",\"itemListElement\":[{\"@type\":\"ListItem\",\"position\":1,\"name\":\"Home\",\"item\":\"https:\/\/www.agrozobor.com\/\"},{\"@type\":\"ListItem\",\"position\":2,\"name\":\"Enviro\"}]},{\"@type\":\"WebSite\",\"@id\":\"https:\/\/www.agrozobor.com\/#website\",\"url\":\"https:\/\/www.agrozobor.com\/\",\"name\":\"AGRO ZOBOR\",\"description\":\"\",\"potentialAction\":[{\"@type\":\"SearchAction\",\"target\":{\"@type\":\"EntryPoint\",\"urlTemplate\":\"https:\/\/www.agrozobor.com\/?s={search_term_string}\"},\"query-input\":\"required name=search_term_string\"}],\"inLanguage\":\"en-GB\"}]}<\/script>\n<!-- \/ Yoast SEO plugin. -->","yoast_head_json":{"title":"Enviro - AGRO ZOBOR","robots":{"index":"index","follow":"follow","max-snippet":"max-snippet:-1","max-image-preview":"max-image-preview:large","max-video-preview":"max-video-preview:-1"},"canonical":"https:\/\/www.agrozobor.com\/en\/enviro\/","og_locale":"en_GB","og_type":"article","og_title":"Enviro - AGRO ZOBOR","og_description":"&#8211; Vodoz\u00e1dr\u017en\u00e9 opatrenia &#8211; Budovanie jazier &#8211; Biokoridor a revitaliz\u00e1cia m\u0155tvych ramien rieky &#8211; Premena hydromeliora\u010dn\u00fdch kan\u00e1lov na zavla\u017eovacie &#8211; Zadr\u017eiavanie vody zo striech &#8211; Opatrenia na ochranu pred er\u00f3ziou p\u00f4dy &#8211; V\u00fdsadba drev\u00edn &#8211; Zelen\u00e9 p\u00e1sy &#8211; Odstra\u0148ovanie star\u00fdch environment\u00e1lnych z\u00e1\u0165a\u017e\u00ed &#8211; Odstr\u00e1nenie smetiska &#8211; Zber smet\u00ed","og_url":"https:\/\/www.agrozobor.com\/en\/enviro\/","og_site_name":"AGRO ZOBOR","article_modified_time":"2021-11-15T11:01:24+00:00","twitter_card":"summary_large_image","twitter_misc":{"Estimated reading time":"1 minute"},"schema":{"@context":"https:\/\/schema.org","@graph":[{"@type":"WebPage","@id":"https:\/\/www.agrozobor.com\/enviro\/","url":"https:\/\/www.agrozobor.com\/enviro\/","name":"Enviro - AGRO ZOBOR","isPartOf":{"@id":"https:\/\/www.agrozobor.com\/#website"},"datePublished":"2019-02-05T16:03:21+00:00","dateModified":"2021-11-15T11:01:24+00:00","breadcrumb":{"@id":"https:\/\/www.agrozobor.com\/enviro\/#breadcrumb"},"inLanguage":"en-GB","potentialAction":[{"@type":"ReadAction","target":["https:\/\/www.agrozobor.com\/enviro\/"]}]},{"@type":"BreadcrumbList","@id":"https:\/\/www.agrozobor.com\/enviro\/#breadcrumb","itemListElement":[{"@type":"ListItem","position":1,"name":"Home","item":"https:\/\/www.agrozobor.com\/"},{"@type":"ListItem","position":2,"name":"Enviro"}]},{"@type":"WebSite","@id":"https:\/\/www.agrozobor.com\/#website","url":"https:\/\/www.agrozobor.com\/","name":"AGRO ZOBOR","description":"","potentialAction":[{"@type":"SearchAction","target":{"@type":"EntryPoint","urlTemplate":"https:\/\/www.agrozobor.com\/?s={search_term_string}"},"query-input":"required name=search_term_string"}],"inLanguage":"en-GB"}]}},"_links":{"self":[{"href":"https:\/\/www.agrozobor.com\/en\/wp-json\/wp\/v2\/pages\/313"}],"collection":[{"href":"https:\/\/www.agrozobor.com\/en\/wp-json\/wp\/v2\/pages"}],"about":[{"href":"https:\/\/www.agrozobor.com\/en\/wp-json\/wp\/v2\/types\/page"}],"author":[{"embeddable":true,"href":"https:\/\/www.agrozobor.com\/en\/wp-json\/wp\/v2\/users\/3"}],"replies":[{"embeddable":true,"href":"https:\/\/www.agrozobor.com\/en\/wp-json\/wp\/v2\/comments?post=313"}],"version-history":[{"count":6,"href":"https:\/\/www.agrozobor.com\/en\/wp-json\/wp\/v2\/pages\/313\/revisions"}],"predecessor-version":[{"id":3490,"href":"https:\/\/www.agrozobor.com\/en\/wp-json\/wp\/v2\/pages\/313\/revisions\/3490"}],"wp:attachment":[{"href":"https:\/\/www.agrozobor.com\/en\/wp-json\/wp\/v2\/media?parent=313"}],"curies":[{"name":"wp","href":"https:\/\/api.w.org\/{rel}","templated":true}]}}