{"id":3131,"date":"2021-06-23T11:09:11","date_gmt":"2021-06-23T09:09:11","guid":{"rendered":"https:\/\/www.agrozobor.com\/?page_id=3131"},"modified":"2021-11-15T12:03:17","modified_gmt":"2021-11-15T11:03:17","slug":"vajicka","status":"publish","type":"page","link":"https:\/\/www.agrozobor.com\/en\/ponuka\/vajicka\/","title":{"rendered":"Eggs"},"content":{"rendered":"<div class=\"agro-section-wrapper\"><div class=\"nt-column\"><div class=\"nt-shortcode-wrapper\"><div id=\"hero\" class=\"nt-shortcode-hero jarallax section_69e2344c1cda6 vc_custom_1636974195416\" data-speed=\"0.7\" data-img-position=\"50% 80%\" data-res-css=\"      .nt-shortcode-hero.section_69e2344c1cda6 .breadcrumbs__link,.nt-shortcode-hero.section_69e2344c1cda6 .bitem {color: #056839; } .nt-shortcode-hero.section_69e2344c1cda6 li.active, .nt-shortcode-hero.section_69e2344c1cda6 .breadcrumbs__link:hover {color: #fcdb5a; }   \"><div class=\"container\"><div class=\"row\"><div class=\"col-12 col-lg-7\"><h1 class=\"__title\"><span><\/span> Eggs<\/h1><div class=\"shortcode-page-breadcrumbs breadcrumb\"><div class=\"nt-breadcrumbs\"><ul class=\"nt-breadcrumbs-list\"><li class=\"bitem\"><span><a class=\"breadcrumbs__link\" href=\"https:\/\/www.agrozobor.com\/en\/\"><span>Home<\/span><\/a><\/span><\/li><\/ul><\/div><\/div><\/div><\/div><\/div><span class=\"page-scroll-discover\"><\/span><\/div><\/div><\/div><\/div><div class=\"nt_clearfix\"><\/div><div class=\"vc_row wpb_row vc_row-fluid vc_custom_1628596122977 vc_row-has-fill\"><div class=\"nt-column col-sm-12\"><div class=\"nt-shortcode-wrapper\"><div class=\"vc_empty_space\"   style=\"height: 100px\"><span class=\"vc_empty_space_inner\"><\/span><\/div><\/div><\/div><\/div><div class=\"agro-section-wrapper\"><div class=\"nt-column col-sm-12\"><div class=\"nt-shortcode-wrapper\"><div class=\"section section--no-pb about--1 item_69e2344c1d9cb\" data-res-css=\"    .section.item_69e2344c1d9cb .section-heading .__title {color: #056839; }          \"><div class=\"container\"><div class=\"section-heading\"><h2 class=\"__title\">Eggs <span><\/span><\/h2><\/div><div class=\"row\"><div class=\"col-12 col-lg-6 col-xl-8\"><\/div><\/div><\/div><\/div><\/div><\/div><\/div><div class=\"nt_clearfix\"><\/div><div class=\"vc_row wpb_row vc_row-fluid\"><div class=\"nt-column col-sm-12\"><div class=\"nt-shortcode-wrapper\"><div class=\"section section--no-pb about--1 item_69e2344c1dd59\" data-res-css=\"    .section.item_69e2344c1dd59 .section-heading .__title {color: #056839; }          \"><div class=\"container\"><div class=\"row\"><div class=\"col-12 col-lg-6 col-xl-8\"><\/div><\/div><\/div><\/div><div class=\"vc_empty_space\"   style=\"height: 60px\"><span class=\"vc_empty_space_inner\"><\/span><\/div><\/div><\/div><\/div><div class=\"vc_row wpb_row vc_row-fluid vc_custom_1628596122977 vc_row-has-fill\"><div class=\"nt-column col-sm-12\"><div class=\"nt-shortcode-wrapper\"><div class=\"vc_empty_space\"   style=\"height: 100px\"><span class=\"vc_empty_space_inner\"><\/span><\/div><\/div><\/div><\/div>","protected":false},"excerpt":{"rendered":"Vaj\u00ed\u010dkaHomeVaj\u00ed\u010dka","protected":false},"author":3,"featured_media":0,"parent":3124,"menu_order":0,"comment_status":"closed","ping_status":"closed","template":"custom-page.php","meta":{"footnotes":""},"yoast_head":"<!-- This site is optimized with the Yoast SEO plugin v21.9.1 - https:\/\/yoast.com\/wordpress\/plugins\/seo\/ -->\n<title>Vaj\u00ed\u010dka - AGRO ZOBOR<\/title>\n<meta name=\"robots\" content=\"index, follow, max-snippet:-1, max-image-preview:large, max-video-preview:-1\" \/>\n<link rel=\"canonical\" href=\"https:\/\/www.agrozobor.com\/en\/ponuka\/vajicka\/\" \/>\n<meta property=\"og:locale\" content=\"en_GB\" \/>\n<meta property=\"og:type\" content=\"article\" \/>\n<meta property=\"og:title\" content=\"Vaj\u00ed\u010dka - AGRO ZOBOR\" \/>\n<meta property=\"og:url\" content=\"https:\/\/www.agrozobor.com\/en\/ponuka\/vajicka\/\" \/>\n<meta property=\"og:site_name\" content=\"AGRO ZOBOR\" \/>\n<meta property=\"article:modified_time\" content=\"2021-11-15T11:03:17+00:00\" \/>\n<meta name=\"twitter:card\" content=\"summary_large_image\" \/>\n<meta name=\"twitter:label1\" content=\"Estimated reading time\" \/>\n\t<meta name=\"twitter:data1\" content=\"1 minute\" \/>\n<script type=\"application\/ld+json\" class=\"yoast-schema-graph\">{\"@context\":\"https:\/\/schema.org\",\"@graph\":[{\"@type\":\"WebPage\",\"@id\":\"https:\/\/www.agrozobor.com\/en\/ponuka\/vajicka\/\",\"url\":\"https:\/\/www.agrozobor.com\/en\/ponuka\/vajicka\/\",\"name\":\"Vaj\u00ed\u010dka - AGRO ZOBOR\",\"isPartOf\":{\"@id\":\"https:\/\/www.agrozobor.com\/#website\"},\"datePublished\":\"2021-06-23T09:09:11+00:00\",\"dateModified\":\"2021-11-15T11:03:17+00:00\",\"breadcrumb\":{\"@id\":\"https:\/\/www.agrozobor.com\/en\/ponuka\/vajicka\/#breadcrumb\"},\"inLanguage\":\"en-GB\",\"potentialAction\":[{\"@type\":\"ReadAction\",\"target\":[\"https:\/\/www.agrozobor.com\/en\/ponuka\/vajicka\/\"]}]},{\"@type\":\"BreadcrumbList\",\"@id\":\"https:\/\/www.agrozobor.com\/en\/ponuka\/vajicka\/#breadcrumb\",\"itemListElement\":[{\"@type\":\"ListItem\",\"position\":1,\"name\":\"Home\",\"item\":\"https:\/\/www.agrozobor.com\/\"},{\"@type\":\"ListItem\",\"position\":2,\"name\":\"Ponuka\",\"item\":\"https:\/\/www.agrozobor.com\/en\/ponuka\/\"},{\"@type\":\"ListItem\",\"position\":3,\"name\":\"Vaj\u00ed\u010dka\"}]},{\"@type\":\"WebSite\",\"@id\":\"https:\/\/www.agrozobor.com\/#website\",\"url\":\"https:\/\/www.agrozobor.com\/\",\"name\":\"AGRO ZOBOR\",\"description\":\"\",\"potentialAction\":[{\"@type\":\"SearchAction\",\"target\":{\"@type\":\"EntryPoint\",\"urlTemplate\":\"https:\/\/www.agrozobor.com\/?s={search_term_string}\"},\"query-input\":\"required name=search_term_string\"}],\"inLanguage\":\"en-GB\"}]}<\/script>\n<!-- \/ Yoast SEO plugin. -->","yoast_head_json":{"title":"Vaj\u00ed\u010dka - AGRO ZOBOR","robots":{"index":"index","follow":"follow","max-snippet":"max-snippet:-1","max-image-preview":"max-image-preview:large","max-video-preview":"max-video-preview:-1"},"canonical":"https:\/\/www.agrozobor.com\/en\/ponuka\/vajicka\/","og_locale":"en_GB","og_type":"article","og_title":"Vaj\u00ed\u010dka - AGRO ZOBOR","og_url":"https:\/\/www.agrozobor.com\/en\/ponuka\/vajicka\/","og_site_name":"AGRO ZOBOR","article_modified_time":"2021-11-15T11:03:17+00:00","twitter_card":"summary_large_image","twitter_misc":{"Estimated reading time":"1 minute"},"schema":{"@context":"https:\/\/schema.org","@graph":[{"@type":"WebPage","@id":"https:\/\/www.agrozobor.com\/en\/ponuka\/vajicka\/","url":"https:\/\/www.agrozobor.com\/en\/ponuka\/vajicka\/","name":"Vaj\u00ed\u010dka - AGRO ZOBOR","isPartOf":{"@id":"https:\/\/www.agrozobor.com\/#website"},"datePublished":"2021-06-23T09:09:11+00:00","dateModified":"2021-11-15T11:03:17+00:00","breadcrumb":{"@id":"https:\/\/www.agrozobor.com\/en\/ponuka\/vajicka\/#breadcrumb"},"inLanguage":"en-GB","potentialAction":[{"@type":"ReadAction","target":["https:\/\/www.agrozobor.com\/en\/ponuka\/vajicka\/"]}]},{"@type":"BreadcrumbList","@id":"https:\/\/www.agrozobor.com\/en\/ponuka\/vajicka\/#breadcrumb","itemListElement":[{"@type":"ListItem","position":1,"name":"Home","item":"https:\/\/www.agrozobor.com\/"},{"@type":"ListItem","position":2,"name":"Ponuka","item":"https:\/\/www.agrozobor.com\/en\/ponuka\/"},{"@type":"ListItem","position":3,"name":"Vaj\u00ed\u010dka"}]},{"@type":"WebSite","@id":"https:\/\/www.agrozobor.com\/#website","url":"https:\/\/www.agrozobor.com\/","name":"AGRO ZOBOR","description":"","potentialAction":[{"@type":"SearchAction","target":{"@type":"EntryPoint","urlTemplate":"https:\/\/www.agrozobor.com\/?s={search_term_string}"},"query-input":"required name=search_term_string"}],"inLanguage":"en-GB"}]}},"_links":{"self":[{"href":"https:\/\/www.agrozobor.com\/en\/wp-json\/wp\/v2\/pages\/3131"}],"collection":[{"href":"https:\/\/www.agrozobor.com\/en\/wp-json\/wp\/v2\/pages"}],"about":[{"href":"https:\/\/www.agrozobor.com\/en\/wp-json\/wp\/v2\/types\/page"}],"author":[{"embeddable":true,"href":"https:\/\/www.agrozobor.com\/en\/wp-json\/wp\/v2\/users\/3"}],"replies":[{"embeddable":true,"href":"https:\/\/www.agrozobor.com\/en\/wp-json\/wp\/v2\/comments?post=3131"}],"version-history":[{"count":6,"href":"https:\/\/www.agrozobor.com\/en\/wp-json\/wp\/v2\/pages\/3131\/revisions"}],"predecessor-version":[{"id":3496,"href":"https:\/\/www.agrozobor.com\/en\/wp-json\/wp\/v2\/pages\/3131\/revisions\/3496"}],"up":[{"embeddable":true,"href":"https:\/\/www.agrozobor.com\/en\/wp-json\/wp\/v2\/pages\/3124"}],"wp:attachment":[{"href":"https:\/\/www.agrozobor.com\/en\/wp-json\/wp\/v2\/media?parent=3131"}],"curies":[{"name":"wp","href":"https:\/\/api.w.org\/{rel}","templated":true}]}}