{"id":322,"date":"2019-02-05T16:34:32","date_gmt":"2019-02-05T16:34:32","guid":{"rendered":"https:\/\/ninetheme.com\/themes\/agro\/?page_id=322"},"modified":"2023-10-30T09:11:42","modified_gmt":"2023-10-30T08:11:42","slug":"kontakt","status":"publish","type":"page","link":"https:\/\/www.agrozobor.com\/en\/kontakt\/","title":{"rendered":"Contact"},"content":{"rendered":"<div class=\"agro-section-wrapper\"><div class=\"nt-column\"><div class=\"nt-shortcode-wrapper\"><div id=\"hero\" class=\"nt-shortcode-hero jarallax section_69e233e04c3b4 vc_custom_1636974132710\" data-speed=\"0.7\" data-img-position=\"50% 80%\" data-res-css=\"      .nt-shortcode-hero.section_69e233e04c3b4 .breadcrumbs__link,.nt-shortcode-hero.section_69e233e04c3b4 .bitem {color: #056839; } .nt-shortcode-hero.section_69e233e04c3b4 li.active, .nt-shortcode-hero.section_69e233e04c3b4 .breadcrumbs__link:hover {color: #fcdb5a; }   \"><div class=\"container\"><div class=\"row\"><div class=\"col-12 col-lg-7\"><h1 class=\"__title\"><span><\/span> Contact<\/h1><div class=\"shortcode-page-breadcrumbs breadcrumb\"><div class=\"nt-breadcrumbs\"><ul class=\"nt-breadcrumbs-list\"><li class=\"bitem\"><span><a class=\"breadcrumbs__link\" href=\"https:\/\/www.agrozobor.com\/en\/\"><span>Home<\/span><\/a><\/span><\/li><\/ul><\/div><\/div><\/div><\/div><\/div><span class=\"page-scroll-discover\"><\/span><\/div><\/div><\/div><\/div><div class=\"nt_clearfix\"><\/div><div class=\"vc_row wpb_row vc_row-fluid vc_custom_1628591929967 vc_row-has-fill\"><div class=\"nt-column col-sm-12\"><div class=\"nt-shortcode-wrapper\"><div class=\"vc_empty_space\"   style=\"height: 100px\"><span class=\"vc_empty_space_inner\"><\/span><\/div><\/div><\/div><\/div><div class=\"agro-section-wrapper\"><div class=\"nt-column\"><div class=\"nt-shortcode-wrapper\"><div class=\"section section_69e233e04d229\" data-res-css=\"  \"><div class=\"container\"><div class=\"company-contacts text-center\"><div class=\"__inner\"><div class=\"row justify-content-around\"><div class=\"col-12 col-md-4 col-lg-3\"><div class=\"__item\"><i class=\"__ico fontello-location\"><\/i><h4 class=\"__title\">Address<\/h4><p>Prese\u013eany 55, 956 12 Prese\u013eany<\/p><\/div><\/div><div class=\"col-12 col-md-4 col-lg-3\"><div class=\"__item\"><i class=\"__ico fontello-phone\"><\/i><h4 class=\"__title\">Phone<\/h4><p>+421 905 809 828<\/p><\/div><\/div><div class=\"col-12 col-md-4 col-lg-3\"><div class=\"__item\"><i class=\"__ico fontello-mail-1\"><\/i><h4 class=\"__title\">E-MAIL<\/h4><p><a href=\"mailto:info@agrozobor.com\">info@agrozobor.com<\/a><\/p><\/div><\/div><\/div><\/div><\/div><\/div><\/div><\/div><\/div><\/div><div class=\"nt_clearfix\"><\/div><div class=\"vc_row wpb_row vc_row-fluid vc_custom_1628591929967 vc_row-has-fill\"><div class=\"nt-column col-sm-12\"><div class=\"nt-shortcode-wrapper\"><div class=\"vc_empty_space\"   style=\"height: 100px\"><span class=\"vc_empty_space_inner\"><\/span><\/div><\/div><\/div><\/div><div class=\"agro-section-wrapper\"><div class=\"nt-column\"><div class=\"nt-shortcode-wrapper\"><div class=\"section section--dark-bg section--contacts section_69e233e04da8d\" data-res-css=\"     \"><div class=\"container\"><div class=\"row justify-content-end\"><div class=\"col-12 col-md-6\"><div class=\"row justify-content-end\"><div class=\"col-md-11\"><div class=\"section-heading section-heading--white\"><h2 class=\"__title\">Let's keep <span>In touch<\/span><\/h2><\/div><div class=\"wpforms-container wpforms-container-full\" id=\"wpforms-3068\"><form id=\"wpforms-form-3068\" class=\"wpforms-validate wpforms-form\" data-formid=\"3068\" method=\"post\" enctype=\"multipart\/form-data\" action=\"\/en\/wp-json\/wp\/v2\/pages\/322\" data-token=\"2069504ef97f2bcfc23277e2ff21a1ae\" data-trp-original-action=\"\/en\/wp-json\/wp\/v2\/pages\/322\"><noscript class=\"wpforms-error-noscript\">Please enable JavaScript in your browser to complete this form.<\/noscript><div class=\"wpforms-field-container\"><div id=\"wpforms-3068-field_0-container\" class=\"wpforms-field wpforms-field-name\" data-field-id=\"0\"><label class=\"wpforms-field-label\" for=\"wpforms-3068-field_0\">Name <span class=\"wpforms-required-label\">*<\/span><\/label><input type=\"text\" id=\"wpforms-3068-field_0\" class=\"wpforms-field-medium wpforms-field-required\" name=\"wpforms[fields][0]\" placeholder=\"Your name\" required><\/div><div id=\"wpforms-3068-field_1-container\" class=\"wpforms-field wpforms-field-email\" data-field-id=\"1\"><label class=\"wpforms-field-label\" for=\"wpforms-3068-field_1\">Email <span class=\"wpforms-required-label\">*<\/span><\/label><input type=\"email\" id=\"wpforms-3068-field_1\" class=\"wpforms-field-medium wpforms-field-required\" name=\"wpforms[fields][1]\" placeholder=\"Your email\" spellcheck=\"false\" required><\/div><div id=\"wpforms-3068-field_2-container\" class=\"wpforms-field wpforms-field-textarea\" data-field-id=\"2\"><label class=\"wpforms-field-label\" for=\"wpforms-3068-field_2\">Comment or message <span class=\"wpforms-required-label\">*<\/span><\/label><textarea id=\"wpforms-3068-field_2\" class=\"wpforms-field-medium wpforms-field-required\" name=\"wpforms[fields][2]\" placeholder=\"Write your message here\" required><\/textarea><\/div><\/div><!-- .wpforms-field-container --><div class=\"wpforms-recaptcha-container wpforms-is-recaptcha wpforms-is-recaptcha-type-v2\" ><div class=\"g-recaptcha\" data-sitekey=\"6LfIzeIoAAAAABdpj-u2LgMPPaYHcRac8mkpiOr4\"><\/div><input type=\"text\" name=\"g-recaptcha-hidden\" class=\"wpforms-recaptcha-hidden\" style=\"position:absolute!important;clip:rect(0,0,0,0)!important;height:1px!important;width:1px!important;border:0!important;overflow:hidden!important;padding:0!important;margin:0!important;\" data-rule-recaptcha=\"1\"><\/div><div class=\"wpforms-submit-container\" ><input type=\"hidden\" name=\"wpforms[id]\" value=\"3068\"><input type=\"hidden\" name=\"wpforms[author]\" value=\"3\"><button type=\"submit\" name=\"wpforms[submit]\" id=\"wpforms-submit-3068\" class=\"wpforms-submit\" data-alt-text=\"Odosielam...\" data-submit-text=\"Odosla\u0165\" aria-live=\"assertive\" value=\"wpforms-submit\">Send<\/button><\/div><input type=\"hidden\" name=\"trp-form-language\" value=\"en\"\/><\/form><\/div>  <!-- .wpforms-container --><\/div><\/div><\/div><\/div><\/div><div class=\"row no-gutters\"><div class=\"col-md-6 map-container map-container--left\"><div class=\"custom-map\"><iframe src=\"https:\/\/www.google.com\/maps\/embed?pb=!1m18!1m12!1m3!1d3207.8628346746395!2d18.09720619202346!3d48.452146755164925!2m3!1f0!2f0!3f0!3m2!1i1024!2i768!4f13.1!3m3!1m2!1s0x476b482dff27079d%3A0x10396e4b34576a1f!2sPrese%C4%BEany%2055%2C%20956%2012%20Prese%C4%BEany!5e1!3m2!1ssk!2ssk!4v1698653313363!5m2!1ssk!2ssk`` width=``600`` height=``620`` style=``border:0;`` allowfullscreen=```` loading=``lazy`` referrerpolicy=``no-referrer-when-downgrade``\" width=\"620\" height=\"620\" frameborder=\"0\" style=\"border:0\" allowfullscreen><\/iframe><\/div><\/div><\/div><\/div><\/div><\/div><\/div><div class=\"nt_clearfix\"><\/div><div class=\"vc_row wpb_row vc_row-fluid vc_custom_1628591929967 vc_row-has-fill\"><div class=\"nt-column col-sm-12\"><div class=\"nt-shortcode-wrapper\"><div class=\"vc_empty_space\"   style=\"height: 100px\"><span class=\"vc_empty_space_inner\"><\/span><\/div><\/div><\/div><\/div>","protected":false},"excerpt":{"rendered":"KONTAKTHomeADRESAPrese\u013eany 55, 956 12 Prese\u013eanyTELEF\u00d3N+421 905 809 828E-MAILinfo@agrozobor.comBU\u010eME V KONTAKTEPlease enable JavaScript in your browser to complete this form.Meno *Email *Koment alebo spr\u00e1va *Odosla\u0165","protected":false},"author":3,"featured_media":0,"parent":0,"menu_order":0,"comment_status":"closed","ping_status":"closed","template":"custom-page.php","meta":{"footnotes":""},"yoast_head":"<!-- This site is optimized with the Yoast SEO plugin v21.9.1 - https:\/\/yoast.com\/wordpress\/plugins\/seo\/ -->\n<title>Kontakt - AGRO ZOBOR<\/title>\n<meta name=\"robots\" content=\"index, follow, max-snippet:-1, max-image-preview:large, max-video-preview:-1\" \/>\n<link rel=\"canonical\" href=\"https:\/\/www.agrozobor.com\/en\/kontakt\/\" \/>\n<meta property=\"og:locale\" content=\"en_GB\" \/>\n<meta property=\"og:type\" content=\"article\" \/>\n<meta property=\"og:title\" content=\"Kontakt - AGRO ZOBOR\" \/>\n<meta property=\"og:url\" content=\"https:\/\/www.agrozobor.com\/en\/kontakt\/\" \/>\n<meta property=\"og:site_name\" content=\"AGRO ZOBOR\" \/>\n<meta property=\"article:modified_time\" content=\"2023-10-30T08:11:42+00:00\" \/>\n<meta name=\"twitter:card\" content=\"summary_large_image\" \/>\n<meta name=\"twitter:label1\" content=\"Estimated reading time\" \/>\n\t<meta name=\"twitter:data1\" content=\"1 minute\" \/>\n<script type=\"application\/ld+json\" class=\"yoast-schema-graph\">{\"@context\":\"https:\/\/schema.org\",\"@graph\":[{\"@type\":\"WebPage\",\"@id\":\"https:\/\/www.agrozobor.com\/kontakt\/\",\"url\":\"https:\/\/www.agrozobor.com\/kontakt\/\",\"name\":\"Kontakt - AGRO ZOBOR\",\"isPartOf\":{\"@id\":\"https:\/\/www.agrozobor.com\/#website\"},\"datePublished\":\"2019-02-05T16:34:32+00:00\",\"dateModified\":\"2023-10-30T08:11:42+00:00\",\"breadcrumb\":{\"@id\":\"https:\/\/www.agrozobor.com\/kontakt\/#breadcrumb\"},\"inLanguage\":\"en-GB\",\"potentialAction\":[{\"@type\":\"ReadAction\",\"target\":[\"https:\/\/www.agrozobor.com\/kontakt\/\"]}]},{\"@type\":\"BreadcrumbList\",\"@id\":\"https:\/\/www.agrozobor.com\/kontakt\/#breadcrumb\",\"itemListElement\":[{\"@type\":\"ListItem\",\"position\":1,\"name\":\"Home\",\"item\":\"https:\/\/www.agrozobor.com\/\"},{\"@type\":\"ListItem\",\"position\":2,\"name\":\"Kontakt\"}]},{\"@type\":\"WebSite\",\"@id\":\"https:\/\/www.agrozobor.com\/#website\",\"url\":\"https:\/\/www.agrozobor.com\/\",\"name\":\"AGRO ZOBOR\",\"description\":\"\",\"potentialAction\":[{\"@type\":\"SearchAction\",\"target\":{\"@type\":\"EntryPoint\",\"urlTemplate\":\"https:\/\/www.agrozobor.com\/?s={search_term_string}\"},\"query-input\":\"required name=search_term_string\"}],\"inLanguage\":\"en-GB\"}]}<\/script>\n<!-- \/ Yoast SEO plugin. -->","yoast_head_json":{"title":"Kontakt - AGRO ZOBOR","robots":{"index":"index","follow":"follow","max-snippet":"max-snippet:-1","max-image-preview":"max-image-preview:large","max-video-preview":"max-video-preview:-1"},"canonical":"https:\/\/www.agrozobor.com\/en\/kontakt\/","og_locale":"en_GB","og_type":"article","og_title":"Kontakt - AGRO ZOBOR","og_url":"https:\/\/www.agrozobor.com\/en\/kontakt\/","og_site_name":"AGRO ZOBOR","article_modified_time":"2023-10-30T08:11:42+00:00","twitter_card":"summary_large_image","twitter_misc":{"Estimated reading time":"1 minute"},"schema":{"@context":"https:\/\/schema.org","@graph":[{"@type":"WebPage","@id":"https:\/\/www.agrozobor.com\/kontakt\/","url":"https:\/\/www.agrozobor.com\/kontakt\/","name":"Kontakt - AGRO ZOBOR","isPartOf":{"@id":"https:\/\/www.agrozobor.com\/#website"},"datePublished":"2019-02-05T16:34:32+00:00","dateModified":"2023-10-30T08:11:42+00:00","breadcrumb":{"@id":"https:\/\/www.agrozobor.com\/kontakt\/#breadcrumb"},"inLanguage":"en-GB","potentialAction":[{"@type":"ReadAction","target":["https:\/\/www.agrozobor.com\/kontakt\/"]}]},{"@type":"BreadcrumbList","@id":"https:\/\/www.agrozobor.com\/kontakt\/#breadcrumb","itemListElement":[{"@type":"ListItem","position":1,"name":"Home","item":"https:\/\/www.agrozobor.com\/"},{"@type":"ListItem","position":2,"name":"Kontakt"}]},{"@type":"WebSite","@id":"https:\/\/www.agrozobor.com\/#website","url":"https:\/\/www.agrozobor.com\/","name":"AGRO ZOBOR","description":"","potentialAction":[{"@type":"SearchAction","target":{"@type":"EntryPoint","urlTemplate":"https:\/\/www.agrozobor.com\/?s={search_term_string}"},"query-input":"required name=search_term_string"}],"inLanguage":"en-GB"}]}},"_links":{"self":[{"href":"https:\/\/www.agrozobor.com\/en\/wp-json\/wp\/v2\/pages\/322"}],"collection":[{"href":"https:\/\/www.agrozobor.com\/en\/wp-json\/wp\/v2\/pages"}],"about":[{"href":"https:\/\/www.agrozobor.com\/en\/wp-json\/wp\/v2\/types\/page"}],"author":[{"embeddable":true,"href":"https:\/\/www.agrozobor.com\/en\/wp-json\/wp\/v2\/users\/3"}],"replies":[{"embeddable":true,"href":"https:\/\/www.agrozobor.com\/en\/wp-json\/wp\/v2\/comments?post=322"}],"version-history":[{"count":6,"href":"https:\/\/www.agrozobor.com\/en\/wp-json\/wp\/v2\/pages\/322\/revisions"}],"predecessor-version":[{"id":3570,"href":"https:\/\/www.agrozobor.com\/en\/wp-json\/wp\/v2\/pages\/322\/revisions\/3570"}],"wp:attachment":[{"href":"https:\/\/www.agrozobor.com\/en\/wp-json\/wp\/v2\/media?parent=322"}],"curies":[{"name":"wp","href":"https:\/\/api.w.org\/{rel}","templated":true}]}}