{"id":3574,"date":"2023-12-07T13:24:16","date_gmt":"2023-12-07T12:24:16","guid":{"rendered":"https:\/\/www.agrozobor.com\/zasady-pouzivania-suborov-cookie-eu\/"},"modified":"2023-12-07T14:00:06","modified_gmt":"2023-12-07T13:00:06","slug":"zasady-pouzivania-suborov-cookie-eu","status":"publish","type":"page","link":"https:\/\/www.agrozobor.com\/en\/zasady-pouzivania-suborov-cookie-eu\/","title":{"rendered":"Z\u00e1sady pou\u017e\u00edvania s\u00faborov cookie (E\u00da)"},"content":{"rendered":"<!-- Legal document generated by Complianz | GDPR\/CCPA Cookie Consent https:\/\/wordpress.org\/plugins\/complianz-gdpr -->\n<div id=\"cmplz-document\" class=\"cmplz-document cookie-statement cmplz-document-eu\"><p><br><\/p><h2>1. \u00davod<\/h2><p>Na\u0161a webov\u00e1 str\u00e1nka, <a href=\"https:\/\/www.agrozobor.com\/en\/\">https:\/\/www.agrozobor.com<\/a> (\u010falej len \u201ewebov\u00e1 str\u00e1nka\u201c) pou\u017e\u00edva s\u00fabory cookie a \u010fal\u0161ie s\u00favisiace technol\u00f3gie (v\u0161etky technol\u00f3gie sa kv\u00f4li pohodliu ozna\u010duj\u00fa ako \u201es\u00fabory cookie\u201c). S\u00fabory cookie umiest\u0148uj\u00fa aj tretie strany, ktor\u00e9 sme zapojili. V ni\u017e\u0161ie uvedenom dokumente v\u00e1s informujeme o pou\u017e\u00edvan\u00ed s\u00faborov cookie na na\u0161ich webov\u00fdch str\u00e1nkach.<\/p><h2>2. \u010co s\u00fa cookies?<\/h2><p>Cookie je mal\u00fd jednoduch\u00fd s\u00fabor, ktor\u00fd je odoslan\u00fd spolu so str\u00e1nkami tohto webu a ulo\u017een\u00fd va\u0161im prehliada\u010dom na pevnom disku v\u00e1\u0161ho po\u010d\u00edta\u010da alebo in\u00e9ho zariadenia. Inform\u00e1cie v nich ulo\u017een\u00e9 m\u00f4\u017eu by\u0165 vr\u00e1ten\u00e9 na na\u0161e servery alebo na servery pr\u00edslu\u0161n\u00fdch tret\u00edch str\u00e1n po\u010das nasleduj\u00facej n\u00e1v\u0161tevy.<\/p><h2>3. \u010co s\u00fa skripty?<\/h2><p>Skript je \u010das\u0165 programov\u00e9ho k\u00f3du, ktor\u00fd sa pou\u017e\u00edva na spr\u00e1vnu a interakt\u00edvnu funkciu na\u0161ich webov\u00fdch str\u00e1nok. Tento k\u00f3d sa spust\u00ed na na\u0161om serveri alebo na va\u0161om zariaden\u00ed.<\/p><h2>4. \u010co je to webov\u00fd maj\u00e1k?<\/h2><p>Webov\u00fd maj\u00e1k (alebo pixelov\u00e1 zna\u010dka) je mal\u00fd nevidite\u013en\u00fd text alebo obr\u00e1zok na webovej str\u00e1nke, ktor\u00fd sa pou\u017e\u00edva na monitorovanie n\u00e1v\u0161tevnosti webov\u00fdch str\u00e1nok. Za t\u00fdmto \u00fa\u010delom sa pomocou webov\u00fdch maj\u00e1kov ukladaj\u00fa r\u00f4zne \u00fadaje o v\u00e1s.<\/p><h2>5. Cookies<\/h2><p class=\"cmplz-subtitle\">5.1 Technick\u00e9 alebo funk\u010dn\u00e9 cookies<\/p><p>Niektor\u00e9 s\u00fabory cookie zais\u0165uj\u00fa, \u017ee ur\u010dit\u00e9 \u010dasti webov\u00fdch str\u00e1nok funguj\u00fa spr\u00e1vne a \u017ee va\u0161e preferencie pou\u017e\u00edvate\u013eov zostan\u00fa zn\u00e1me. Umiestnen\u00edm funk\u010dn\u00fdch s\u00faborov cookie v\u00e1m u\u013eah\u010dujeme n\u00e1v\u0161tevu na\u0161ich webov\u00fdch str\u00e1nok. Takto nemus\u00edte pri n\u00e1v\u0161teve na\u0161ich webov\u00fdch str\u00e1nok opakovane zad\u00e1va\u0165 rovnak\u00e9 inform\u00e1cie a napr\u00edklad polo\u017eky zostan\u00fa vo va\u0161om n\u00e1kupnom ko\u0161\u00edku, k\u00fdm nezaplat\u00edte. Tieto s\u00fabory cookie m\u00f4\u017eeme umiest\u0148ova\u0165 bez v\u00e1\u0161ho s\u00fahlasu.<\/p><p class=\"cmplz-subtitle\">5.2 Marketingov\u00e9\/sledovacie cookies<\/p><p>Marketingov\u00e9\/sledovacie s\u00fabory cookie s\u00fa s\u00fabory cookie alebo ak\u00e1ko\u013evek in\u00e1 forma miestneho \u00falo\u017eiska, ktor\u00e9 sa pou\u017e\u00edvaj\u00fa na vytv\u00e1ranie profilov pou\u017e\u00edvate\u013eov na zobrazenie reklamy alebo na sledovanie pou\u017e\u00edvate\u013ea na tomto webe alebo na nieko\u013ek\u00fdch webov\u00fdch str\u00e1nkach na podobn\u00e9 marketingov\u00e9 \u00fa\u010dely.<\/p><h2>6. Umiestnen\u00e9 cookies<\/h2><div id=\"cmplz-cookies-overview\"><details class=\"cmplz-dropdown cmplz-service-desc cmplz-dropdown-cookiepolicy\">\n\t<summary class=\"cmplz-service-header\"><div>\n\t\t<h3>WooCommerce<\/h3>\n\t\t<p>Funk\u010dn\u00e9, nutn\u00e9<\/p>\n\t\t<label for=\"cmplz_service_woocommerce\" class=\"cmplz_consent_per_service_label\"><span class=\"screen-reader-text\">Consent to service woocommerce<\/span><\/label>\n\t\t<input type=\"checkbox\" id=\"cmplz_service_woocommerce\" class=\"cmplz-accept-service cmplz-hidden\" data-service=\"woocommerce\" data-category=\"functional\"><\/div>\n\t<\/summary>\n\t<div class=\"cmplz-service-description\">\n\t\t<h4>Pou\u017eitie<\/h4>\n\t\t<p>WooCommerce pou\u017e\u00edvame na spr\u00e1va internetov\u00e9ho obchodu. <a target=\"_blank\" rel=\"noopener noreferrer nofollow\" href=\"https:\/\/cookiedatabase.org\/service\/woocommerce\/\">\u010c\u00edtaj viac<\/a><\/p>\n\t<\/div>\n\t<div class=\"cmplz-sharing-data\">\n\t\t<h4>Zdie\u013eanie \u00fadajov<\/h4>\n\t\t<p>Tieto \u00fadaje nie s\u00fa zdie\u013ean\u00e9 s tret\u00edmi stranami.<\/p>\n\t<\/div>\n\t<div class=\"cookies-per-purpose\">\n    <div class=\"purpose\"><h4>Funk\u010dn\u00e9, nutn\u00e9<\/h4><\/div>\n    <div class=\"name-header\">\n\t<h5>Name<\/h5>\n<\/div>\n<div class=\"name\"><a target=\"_blank\" rel=\"noopener noreferrer nofollow\" href=\"https:\/\/cookiedatabase.org\/cookie\/woocommerce\/wc_cart_hash_\/\">wc_cart_hash_*<\/a><\/div>\n<div class=\"retention-header\">\n\t<h5>Expir\u00e1cia<\/h5>\n<\/div>\n<div class=\"retention\">rel\u00e1cia<\/div>\n<div class=\"function-header\">\n\t<h5>Funkcia<\/h5>\n<\/div>\n<div class=\"function\">Uchov\u00e1va\u0165 polo\u017eky v n\u00e1kupnom ko\u0161\u00edku<\/div>\n<div class=\"name-header\">\n\t<h5>Name<\/h5>\n<\/div>\n<div class=\"name\"><a target=\"_blank\" rel=\"noopener noreferrer nofollow\" href=\"https:\/\/cookiedatabase.org\/cookie\/woocommerce\/woocommerce_recently_viewed\/\">woocommerce_recently_viewed<\/a><\/div>\n<div class=\"retention-header\">\n\t<h5>Expir\u00e1cia<\/h5>\n<\/div>\n<div class=\"retention\">rel\u00e1cia<\/div>\n<div class=\"function-header\">\n\t<h5>Funkcia<\/h5>\n<\/div>\n<div class=\"function\">Uchov\u00e1va\u0165 vykonan\u00e9 akcie na webov\u00fdch str\u00e1nkach<\/div>\n\n<\/div>\n<\/details>\n<details class=\"cmplz-dropdown cmplz-service-desc cmplz-dropdown-cookiepolicy\">\n\t<summary class=\"cmplz-service-header\"><div>\n\t\t<h3>WordPress<\/h3>\n\t\t<p>Funk\u010dn\u00e9, nutn\u00e9<\/p>\n\t\t<label for=\"cmplz_service_wordpress\" class=\"cmplz_consent_per_service_label\"><span class=\"screen-reader-text\">Consent to service wordpress<\/span><\/label>\n\t\t<input type=\"checkbox\" id=\"cmplz_service_wordpress\" class=\"cmplz-accept-service cmplz-hidden\" data-service=\"wordpress\" data-category=\"functional\"><\/div>\n\t<\/summary>\n\t<div class=\"cmplz-service-description\">\n\t\t<h4>Pou\u017eitie<\/h4>\n\t\t<p>WordPress pou\u017e\u00edvame na v\u00fdvoj webov\u00fdch str\u00e1nok. <a target=\"_blank\" rel=\"noopener noreferrer nofollow\" href=\"https:\/\/cookiedatabase.org\/service\/wordpress\/\">\u010c\u00edtaj viac<\/a><\/p>\n\t<\/div>\n\t<div class=\"cmplz-sharing-data\">\n\t\t<h4>Zdie\u013eanie \u00fadajov<\/h4>\n\t\t<p>Tieto \u00fadaje nie s\u00fa zdie\u013ean\u00e9 s tret\u00edmi stranami.<\/p>\n\t<\/div>\n\t<div class=\"cookies-per-purpose\">\n    <div class=\"purpose\"><h4>Funk\u010dn\u00e9, nutn\u00e9<\/h4><\/div>\n    <div class=\"name-header\">\n\t<h5>Name<\/h5>\n<\/div>\n<div class=\"name\"><a target=\"_blank\" rel=\"noopener noreferrer nofollow\" href=\"https:\/\/cookiedatabase.org\/cookie\/wordpress\/wpemojisettingssupports\/\">wpEmojiSettingsSupports<\/a><\/div>\n<div class=\"retention-header\">\n\t<h5>Expir\u00e1cia<\/h5>\n<\/div>\n<div class=\"retention\">rel\u00e1cia<\/div>\n<div class=\"function-header\">\n\t<h5>Funkcia<\/h5>\n<\/div>\n<div class=\"function\">Uchov\u00e1va\u0165 podrobnosti o prehliada\u010di<\/div>\n<div class=\"name-header\">\n\t<h5>Name<\/h5>\n<\/div>\n<div class=\"name\"><a target=\"_blank\" rel=\"noopener noreferrer nofollow\" href=\"https:\/\/cookiedatabase.org\/cookie\/wordpress\/wp-settings-time\/\">wp-settings-time-*<\/a><\/div>\n<div class=\"retention-header\">\n\t<h5>Expir\u00e1cia<\/h5>\n<\/div>\n<div class=\"retention\">1 rok<\/div>\n<div class=\"function-header\">\n\t<h5>Funkcia<\/h5>\n<\/div>\n<div class=\"function\">Uchov\u00e1va\u0165 pou\u017e\u00edvate\u013esk\u00e9 predvo\u013eby<\/div>\n<div class=\"name-header\">\n\t<h5>Name<\/h5>\n<\/div>\n<div class=\"name\"><a target=\"_blank\" rel=\"noopener noreferrer nofollow\" href=\"https:\/\/cookiedatabase.org\/cookie\/wordpress\/wordpress_test_cookie\/\">wordpress_test_cookie<\/a><\/div>\n<div class=\"retention-header\">\n\t<h5>Expir\u00e1cia<\/h5>\n<\/div>\n<div class=\"retention\">rel\u00e1cia<\/div>\n<div class=\"function-header\">\n\t<h5>Funkcia<\/h5>\n<\/div>\n<div class=\"function\">Z\u00edska\u0165 inform\u00e1cie o tom, \u010di je mo\u017en\u00e9 umiestni\u0165 s\u00fabory cookie<\/div>\n<div class=\"name-header\">\n\t<h5>Name<\/h5>\n<\/div>\n<div class=\"name\"><a target=\"_blank\" rel=\"noopener noreferrer nofollow\" href=\"https:\/\/cookiedatabase.org\/cookie\/wordpress\/wordpress_logged_in_\/\">wordpress_logged_in_*<\/a><\/div>\n<div class=\"retention-header\">\n\t<h5>Expir\u00e1cia<\/h5>\n<\/div>\n<div class=\"retention\">trval\u00e9<\/div>\n<div class=\"function-header\">\n\t<h5>Funkcia<\/h5>\n<\/div>\n<div class=\"function\">Uchov\u00e1va\u0165 prihl\u00e1sen\u00fdch pou\u017e\u00edvate\u013eov<\/div>\n\n<\/div>\n<\/details>\n<details class=\"cmplz-dropdown cmplz-service-desc cmplz-dropdown-cookiepolicy\">\n\t<summary class=\"cmplz-service-header\"><div>\n\t\t<h3>Wordfence<\/h3>\n\t\t<p>Funk\u010dn\u00e9, nutn\u00e9<\/p>\n\t\t<label for=\"cmplz_service_wordfence\" class=\"cmplz_consent_per_service_label\"><span class=\"screen-reader-text\">Consent to service wordfence<\/span><\/label>\n\t\t<input type=\"checkbox\" id=\"cmplz_service_wordfence\" class=\"cmplz-accept-service cmplz-hidden\" data-service=\"wordfence\" data-category=\"functional\"><\/div>\n\t<\/summary>\n\t<div class=\"cmplz-service-description\">\n\t\t<h4>Pou\u017eitie<\/h4>\n\t\t<p>Wordfence pou\u017e\u00edvame na zabezpe\u010denie webov\u00fdch str\u00e1nok. <a target=\"_blank\" rel=\"noopener noreferrer nofollow\" href=\"https:\/\/cookiedatabase.org\/service\/wordfence\/\">\u010c\u00edtaj viac<\/a><\/p>\n\t<\/div>\n\t<div class=\"cmplz-sharing-data\">\n\t\t<h4>Zdie\u013eanie \u00fadajov<\/h4>\n\t\t<p>Ak chcete z\u00edska\u0165 \u010fal\u0161ie inform\u00e1cie, pre\u010d\u00edtajte si <a target=\"_blank\" rel=\"noopener noreferrer nofollow\" href=\"https:\/\/www.wordfence.com\/privacy-policy\/\">Wordfencesvyhl\u00e1senie o ochrane osobn\u00fdch \u00fadajov<\/a>.<\/p>\n\t<\/div>\n\t<div class=\"cookies-per-purpose\">\n    <div class=\"purpose\"><h4>Funk\u010dn\u00e9, nutn\u00e9<\/h4><\/div>\n    <div class=\"name-header\">\n\t<h5>Name<\/h5>\n<\/div>\n<div class=\"name\"><a target=\"_blank\" rel=\"noopener noreferrer nofollow\" href=\"https:\/\/cookiedatabase.org\/cookie\/wordfence\/wfwaf-authcookie\/\">wfwaf-authcookie*<\/a><\/div>\n<div class=\"retention-header\">\n\t<h5>Expir\u00e1cia<\/h5>\n<\/div>\n<div class=\"retention\">1 de\u0148<\/div>\n<div class=\"function-header\">\n\t<h5>Funkcia<\/h5>\n<\/div>\n<div class=\"function\">Z\u00edska\u0165 inform\u00e1cie o tom, \u010di je pou\u017e\u00edvate\u013e prihl\u00e1sen\u00fd<\/div>\n\n<\/div>\n<\/details>\n<details class=\"cmplz-dropdown cmplz-service-desc cmplz-dropdown-cookiepolicy\">\n\t<summary class=\"cmplz-service-header\"><div>\n\t\t<h3>Complianz<\/h3>\n\t\t<p>Funk\u010dn\u00e9, nutn\u00e9<\/p>\n\t\t<label for=\"cmplz_service_complianz\" class=\"cmplz_consent_per_service_label\"><span class=\"screen-reader-text\">Consent to service complianz<\/span><\/label>\n\t\t<input type=\"checkbox\" id=\"cmplz_service_complianz\" class=\"cmplz-accept-service cmplz-hidden\" data-service=\"complianz\" data-category=\"functional\"><\/div>\n\t<\/summary>\n\t<div class=\"cmplz-service-description\">\n\t\t<h4>Pou\u017eitie<\/h4>\n\t\t<p>Complianz pou\u017e\u00edvame na spr\u00e1va s\u00fahlasu so s\u00fabormi cookie. <a target=\"_blank\" rel=\"noopener noreferrer nofollow\" href=\"https:\/\/cookiedatabase.org\/service\/complianz\/\">\u010c\u00edtaj viac<\/a><\/p>\n\t<\/div>\n\t<div class=\"cmplz-sharing-data\">\n\t\t<h4>Zdie\u013eanie \u00fadajov<\/h4>\n\t\t<p>Tieto \u00fadaje nie s\u00fa zdie\u013ean\u00e9 s tret\u00edmi stranami.&nbsp;Ak chcete z\u00edska\u0165 \u010fal\u0161ie inform\u00e1cie, pre\u010d\u00edtajte si <a target=\"_blank\" rel=\"noopener noreferrer\" href=\"https:\/\/complianz.io\/legal\/privacy-statement\/\">Complianzsvyhl\u00e1senie o ochrane osobn\u00fdch \u00fadajov<\/a>.<\/p>\n\t<\/div>\n\t<div class=\"cookies-per-purpose\">\n    <div class=\"purpose\"><h4>Funk\u010dn\u00e9, nutn\u00e9<\/h4><\/div>\n    <div class=\"name-header\">\n\t<h5>Name<\/h5>\n<\/div>\n<div class=\"name\"><a target=\"_blank\" rel=\"noopener noreferrer nofollow\" href=\"https:\/\/cookiedatabase.org\/cookie\/complianz\/cmplz_banner-status\/\">cmplz_banner-status<\/a><\/div>\n<div class=\"retention-header\">\n\t<h5>Expir\u00e1cia<\/h5>\n<\/div>\n<div class=\"retention\">365 dn\u00ed<\/div>\n<div class=\"function-header\">\n\t<h5>Funkcia<\/h5>\n<\/div>\n<div class=\"function\">Uchov\u00e1va\u0165 inform\u00e1cie o tom, \u017ee bol banner cookie zatvoren\u00fd<\/div>\n\n<\/div>\n<\/details>\n<details class=\"cmplz-dropdown cmplz-service-desc cmplz-dropdown-cookiepolicy\">\n\t<summary class=\"cmplz-service-header\"><div>\n\t\t<h3>Google Maps<\/h3>\n\t\t<p>Marketingov\u00e9<\/p>\n\t\t<label for=\"cmplz_service_google-maps\" class=\"cmplz_consent_per_service_label\"><span class=\"screen-reader-text\">Consent to service google-maps<\/span><\/label>\n\t\t<input type=\"checkbox\" id=\"cmplz_service_google-maps\" class=\"cmplz-accept-service cmplz-hidden\" data-service=\"google-maps\" data-category=\"functional\"><\/div>\n\t<\/summary>\n\t<div class=\"cmplz-service-description\">\n\t\t<h4>Pou\u017eitie<\/h4>\n\t\t<p>Google Maps pou\u017e\u00edvame na zobrazenie m\u00e1p. <a target=\"_blank\" rel=\"noopener noreferrer nofollow\" href=\"https:\/\/cookiedatabase.org\/service\/google-maps\/\">\u010c\u00edtaj viac<\/a><\/p>\n\t<\/div>\n\t<div class=\"cmplz-sharing-data\">\n\t\t<h4>Zdie\u013eanie \u00fadajov<\/h4>\n\t\t<p>Ak chcete z\u00edska\u0165 \u010fal\u0161ie inform\u00e1cie, pre\u010d\u00edtajte si <a target=\"_blank\" rel=\"noopener noreferrer nofollow\" href=\"https:\/\/policies.google.com\/privacy\">Google Mapssvyhl\u00e1senie o ochrane osobn\u00fdch \u00fadajov<\/a>.<\/p>\n\t<\/div>\n\t<div class=\"cookies-per-purpose\">\n    <div class=\"purpose\"><h4>Marketingov\u00e9<\/h4><\/div>\n    <div class=\"name-header\">\n\t<h5>Name<\/h5>\n<\/div>\n<div class=\"name\"><a target=\"_blank\" rel=\"noopener noreferrer nofollow\" href=\"https:\/\/cookiedatabase.org\/cookie\/google-maps\/google-maps-api\/\">Google Maps API<\/a><\/div>\n<div class=\"retention-header\">\n\t<h5>Expir\u00e1cia<\/h5>\n<\/div>\n<div class=\"retention\">vypr\u0161\u00ed okam\u017eite<\/div>\n<div class=\"function-header\">\n\t<h5>Funkcia<\/h5>\n<\/div>\n<div class=\"function\">Z\u00edska\u0165 IP adresu<\/div>\n\n<\/div>\n<\/details>\n<details class=\"cmplz-dropdown cmplz-service-desc cmplz-dropdown-cookiepolicy\">\n\t<summary class=\"cmplz-service-header\"><div>\n\t\t<h3>R\u00f4zne<\/h3>\n\t\t<p>\u00da\u010del \u010dakaj\u00faceho vy\u0161etrovania<\/p>\n\t\t<label for=\"cmplz_service_r\u00f4zne\" class=\"cmplz_consent_per_service_label\"><span class=\"screen-reader-text\">Consent to service r\u00f4zne<\/span><\/label>\n\t\t<input type=\"checkbox\" id=\"cmplz_service_r\u00f4zne\" class=\"cmplz-accept-service cmplz-hidden\" data-service=\"r\u00f4zne\" data-category=\"functional\"><\/div>\n\t<\/summary>\n\t<div class=\"cmplz-service-description\">\n\t\t<h4>Pou\u017eitie<\/h4>\n\t\t<p><\/p>\n\t<\/div>\n\t<div class=\"cmplz-sharing-data\">\n\t\t<h4>Zdie\u013eanie \u00fadajov<\/h4>\n\t\t<p>Zdie\u013eanie \u00fadajov prebieha vy\u0161etrovanie<\/p>\n\t<\/div>\n\t<div class=\"cookies-per-purpose\">\n    <div class=\"purpose\"><h4>\u00da\u010del \u010dakaj\u00faceho vy\u0161etrovania<\/h4><\/div>\n    <div class=\"name-header\">\n\t<h5>Name<\/h5>\n<\/div>\n<div class=\"name\">__agwt_rt<\/div>\n<div class=\"retention-header\">\n\t<h5>Expir\u00e1cia<\/h5>\n<\/div>\n<div class=\"retention\"><\/div>\n<div class=\"function-header\">\n\t<h5>Funkcia<\/h5>\n<\/div>\n<div class=\"function\"><\/div>\n\n<\/div>\n<\/details>\n<\/div><h2>7. S\u00fahlas<\/h2><p>Ke\u010f nav\u0161t\u00edvite n\u00e1\u0161 web prv\u00fdkr\u00e1t, uk\u00e1\u017eeme v\u00e1m kontextov\u00e9 okno s vysvetlen\u00edm o s\u00faboroch cookie. Akon\u00e1hle kliknete na \u201eUlo\u017ei\u0165 predvo\u013eby\u201c, s\u00fahlas\u00edte s t\u00fdm, \u017ee pou\u017eijeme kateg\u00f3rie s\u00faborov cookie a doplnkov, ktor\u00e9 ste vybrali v kontextovom okne, ako je to pop\u00edsan\u00e9 v t\u00fdchto z\u00e1sad\u00e1ch pou\u017e\u00edvania s\u00faborov cookie. Pou\u017e\u00edvanie s\u00faborov cookie m\u00f4\u017eete zak\u00e1za\u0165 prostredn\u00edctvom svojho prehliada\u010da, ale upozor\u0148ujeme, \u017ee n\u00e1\u0161 web u\u017e nemus\u00ed spr\u00e1vne fungova\u0165.<\/p><p class=\"cmplz-subtitle\">7.1 Spravujte svoje nastavenia s\u00fahlasu<\/p><div id=\"cmplz-manage-consent-container-nojavascript\">Na\u010d\u00edtali ste z\u00e1sady pou\u017e\u00edvania s\u00faborov cookie bez podpory JavaScriptu.&nbsp;Na str\u00e1nkach AMP m\u00f4\u017eete pou\u017ei\u0165 tla\u010didlo Spravova\u0165 s\u00fahlas v spodnej \u010dasti str\u00e1nky.<\/div><div id=\"cmplz-manage-consent-container\" name=\"cmplz-manage-consent-container\" class=\"cmplz-manage-consent-container\"><\/div><h2>8. Povolenie\/zak\u00e1zanie a odstra\u0148ovanie s\u00faborov cookie<\/h2><p>V\u00e1\u0161 internetov\u00fd prehliada\u010d m\u00f4\u017eete pou\u017ei\u0165 na automatick\u00e9 alebo manu\u00e1lne mazanie cookies. M\u00f4\u017eete tie\u017e \u0161pecifikova\u0165, \u017ee niektor\u00e9 s\u00fabory cookie nemusia by\u0165 umiestnen\u00e9. \u010eal\u0161ou mo\u017enos\u0165ou je zmeni\u0165 nastavenia svojho internetov\u00e9ho prehliada\u010da tak, aby ste dostali spr\u00e1vu v\u017edy, ke\u010f sa umiestni s\u00fabor cookie. \u010eal\u0161ie inform\u00e1cie o t\u00fdchto mo\u017enostiach n\u00e1jdete v pokynoch v \u010dasti Pomocn\u00edk v\u00e1\u0161ho prehliada\u010da.<\/p><p>Please note that our website may not work properly if all cookies are disabled. If you do delete the cookies in your browser, they will be placed again after your consent when you visit our website again.<\/p><h2>9. Va\u0161e pr\u00e1va v s\u00favislosti s osobn\u00fdmi \u00fadajmi<\/h2><p>Pokia\u013e ide o va\u0161e osobn\u00e9 \u00fadaje, m\u00e1te nasleduj\u00face pr\u00e1va:<\/p><ul>\n                    <li>M\u00e1te pr\u00e1vo vedie\u0165, pre\u010do s\u00fa va\u0161e osobn\u00e9 \u00fadaje potrebn\u00e9, \u010do sa s nimi stane a ako dlho bud\u00fa uchov\u00e1van\u00e9.<\/li>\n                    <li>Pr\u00e1vo na pr\u00edstup: M\u00e1te pr\u00e1vo na pr\u00edstup k svojim osobn\u00fdm \u00fadajom, ktor\u00e9 s\u00fa n\u00e1m zn\u00e1me.<\/li>\n                    <li>Pr\u00e1vo na opravu: m\u00e1te pr\u00e1vo kedyko\u013evek doplni\u0165, opravi\u0165, vymaza\u0165 alebo zablokova\u0165 va\u0161e osobn\u00e9 \u00fadaje.<\/li>\n                    <li>Ak n\u00e1m udel\u00edte s\u00fahlas so spracovan\u00edm va\u0161ich \u00fadajov, m\u00e1te pr\u00e1vo tento s\u00fahlas odvola\u0165 a vymaza\u0165 va\u0161e osobn\u00e9 \u00fadaje.<\/li>\n                    <li>Pr\u00e1vo na prenos va\u0161ich \u00fadajov: m\u00e1te pr\u00e1vo po\u017eadova\u0165 od spr\u00e1vcu v\u0161etky svoje osobn\u00e9 \u00fadaje a prenies\u0165 ich v celom rozsahu k \u010fal\u0161iemu prev\u00e1dzkovate\u013eovi.<\/li>\n                    <li>Pr\u00e1vo namieta\u0165: m\u00f4\u017eete vznies\u0165 n\u00e1mietku proti spracovaniu va\u0161ich \u00fadajov. Dodr\u017eiavame to, pokia\u013e neexistuj\u00fa od\u00f4vodnen\u00e9 d\u00f4vody na spracovanie.<\/li>\n                <\/ul><p>Ak chcete uplatni\u0165 tieto pr\u00e1va, kontaktujte n\u00e1s. Pozrite sa na kontaktn\u00e9 \u00fadaje v spodnej \u010dasti t\u00fdchto z\u00e1sad pou\u017e\u00edvania s\u00faborov cookie. Ak m\u00e1te s\u0165a\u017enos\u0165 na to, ako nar\u00e1bame s va\u0161imi \u00fadajmi, radi by sme v\u00e1s po\u010duli, ale m\u00e1te tie\u017e pr\u00e1vo poda\u0165 s\u0165a\u017enos\u0165 dozorn\u00e9mu org\u00e1nu (\u00faradu na ochranu \u00fadajov).<\/p><h2>10. Kontaktn\u00e9 \u00fadaje<\/h2><p>Ak m\u00e1te ot\u00e1zky alebo pripomienky k na\u0161im z\u00e1sad\u00e1m pou\u017e\u00edvania s\u00faborov cookie a tomuto vyhl\u00e1seniu, kontaktujte n\u00e1s pomocou nasleduj\u00facich kontaktn\u00fdch \u00fadajov:<\/p><p><span class=\"cmplz-contact-organisation\">Agrozobor<\/span><br>\n                      <span class=\"cmplz-contact-address\">Prese\u013eany 55, 956 12 Prese\u013eany<\/span><br>\n                      <span class=\"cmplz-contact-country\">Slovensko<\/span><br>\n                    Webov\u00e1 str\u00e1nka: <span class=\"cmplz-contact-domain\"><a href=\"https:\/\/www.agrozobor.com\/en\/\">https:\/\/www.agrozobor.com<\/a><\/span><br>\n                    E -mail: <span class=\"cmplz-contact-email\"><span class=\"cmplz-obfuscate\">ue.epks@retsambew<\/span><\/span><br>\n                    <span class=\"cmplz-contact-telephone\"><\/span><\/p><p><br><\/p><\/div>","protected":false},"excerpt":{"rendered":"","protected":false},"author":6,"featured_media":0,"parent":0,"menu_order":0,"comment_status":"closed","ping_status":"closed","template":"","meta":{"footnotes":""},"yoast_head":"<!-- This site is optimized with the Yoast SEO plugin v21.9.1 - https:\/\/yoast.com\/wordpress\/plugins\/seo\/ -->\n<title>Z\u00e1sady pou\u017e\u00edvania s\u00faborov cookie (E\u00da) - AGRO ZOBOR<\/title>\n<meta name=\"robots\" content=\"index, follow, max-snippet:-1, max-image-preview:large, max-video-preview:-1\" \/>\n<link rel=\"canonical\" href=\"https:\/\/www.agrozobor.com\/en\/zasady-pouzivania-suborov-cookie-eu\/\" \/>\n<meta property=\"og:locale\" content=\"en_GB\" \/>\n<meta property=\"og:type\" content=\"article\" \/>\n<meta property=\"og:title\" content=\"Z\u00e1sady pou\u017e\u00edvania s\u00faborov cookie (E\u00da) - AGRO ZOBOR\" \/>\n<meta property=\"og:url\" content=\"https:\/\/www.agrozobor.com\/en\/zasady-pouzivania-suborov-cookie-eu\/\" \/>\n<meta property=\"og:site_name\" content=\"AGRO ZOBOR\" \/>\n<meta property=\"article:modified_time\" content=\"2023-12-07T13:00:06+00:00\" \/>\n<meta name=\"twitter:card\" content=\"summary_large_image\" \/>\n<script type=\"application\/ld+json\" class=\"yoast-schema-graph\">{\"@context\":\"https:\/\/schema.org\",\"@graph\":[{\"@type\":\"WebPage\",\"@id\":\"https:\/\/www.agrozobor.com\/zasady-pouzivania-suborov-cookie-eu\/\",\"url\":\"https:\/\/www.agrozobor.com\/zasady-pouzivania-suborov-cookie-eu\/\",\"name\":\"Z\u00e1sady pou\u017e\u00edvania s\u00faborov cookie (E\u00da) - AGRO ZOBOR\",\"isPartOf\":{\"@id\":\"https:\/\/www.agrozobor.com\/#website\"},\"datePublished\":\"2023-12-07T12:24:16+00:00\",\"dateModified\":\"2023-12-07T13:00:06+00:00\",\"breadcrumb\":{\"@id\":\"https:\/\/www.agrozobor.com\/zasady-pouzivania-suborov-cookie-eu\/#breadcrumb\"},\"inLanguage\":\"en-GB\",\"potentialAction\":[{\"@type\":\"ReadAction\",\"target\":[\"https:\/\/www.agrozobor.com\/zasady-pouzivania-suborov-cookie-eu\/\"]}]},{\"@type\":\"BreadcrumbList\",\"@id\":\"https:\/\/www.agrozobor.com\/zasady-pouzivania-suborov-cookie-eu\/#breadcrumb\",\"itemListElement\":[{\"@type\":\"ListItem\",\"position\":1,\"name\":\"Home\",\"item\":\"https:\/\/www.agrozobor.com\/\"},{\"@type\":\"ListItem\",\"position\":2,\"name\":\"Z\u00e1sady pou\u017e\u00edvania s\u00faborov cookie (E\u00da)\"}]},{\"@type\":\"WebSite\",\"@id\":\"https:\/\/www.agrozobor.com\/#website\",\"url\":\"https:\/\/www.agrozobor.com\/\",\"name\":\"AGRO ZOBOR\",\"description\":\"\",\"potentialAction\":[{\"@type\":\"SearchAction\",\"target\":{\"@type\":\"EntryPoint\",\"urlTemplate\":\"https:\/\/www.agrozobor.com\/?s={search_term_string}\"},\"query-input\":\"required name=search_term_string\"}],\"inLanguage\":\"en-GB\"}]}<\/script>\n<!-- \/ Yoast SEO plugin. -->","yoast_head_json":{"title":"Z\u00e1sady pou\u017e\u00edvania s\u00faborov cookie (E\u00da) - AGRO ZOBOR","robots":{"index":"index","follow":"follow","max-snippet":"max-snippet:-1","max-image-preview":"max-image-preview:large","max-video-preview":"max-video-preview:-1"},"canonical":"https:\/\/www.agrozobor.com\/en\/zasady-pouzivania-suborov-cookie-eu\/","og_locale":"en_GB","og_type":"article","og_title":"Z\u00e1sady pou\u017e\u00edvania s\u00faborov cookie (E\u00da) - AGRO ZOBOR","og_url":"https:\/\/www.agrozobor.com\/en\/zasady-pouzivania-suborov-cookie-eu\/","og_site_name":"AGRO ZOBOR","article_modified_time":"2023-12-07T13:00:06+00:00","twitter_card":"summary_large_image","schema":{"@context":"https:\/\/schema.org","@graph":[{"@type":"WebPage","@id":"https:\/\/www.agrozobor.com\/zasady-pouzivania-suborov-cookie-eu\/","url":"https:\/\/www.agrozobor.com\/zasady-pouzivania-suborov-cookie-eu\/","name":"Z\u00e1sady pou\u017e\u00edvania s\u00faborov cookie (E\u00da) - AGRO ZOBOR","isPartOf":{"@id":"https:\/\/www.agrozobor.com\/#website"},"datePublished":"2023-12-07T12:24:16+00:00","dateModified":"2023-12-07T13:00:06+00:00","breadcrumb":{"@id":"https:\/\/www.agrozobor.com\/zasady-pouzivania-suborov-cookie-eu\/#breadcrumb"},"inLanguage":"en-GB","potentialAction":[{"@type":"ReadAction","target":["https:\/\/www.agrozobor.com\/zasady-pouzivania-suborov-cookie-eu\/"]}]},{"@type":"BreadcrumbList","@id":"https:\/\/www.agrozobor.com\/zasady-pouzivania-suborov-cookie-eu\/#breadcrumb","itemListElement":[{"@type":"ListItem","position":1,"name":"Home","item":"https:\/\/www.agrozobor.com\/"},{"@type":"ListItem","position":2,"name":"Z\u00e1sady pou\u017e\u00edvania s\u00faborov cookie (E\u00da)"}]},{"@type":"WebSite","@id":"https:\/\/www.agrozobor.com\/#website","url":"https:\/\/www.agrozobor.com\/","name":"AGRO ZOBOR","description":"","potentialAction":[{"@type":"SearchAction","target":{"@type":"EntryPoint","urlTemplate":"https:\/\/www.agrozobor.com\/?s={search_term_string}"},"query-input":"required name=search_term_string"}],"inLanguage":"en-GB"}]}},"_links":{"self":[{"href":"https:\/\/www.agrozobor.com\/en\/wp-json\/wp\/v2\/pages\/3574"}],"collection":[{"href":"https:\/\/www.agrozobor.com\/en\/wp-json\/wp\/v2\/pages"}],"about":[{"href":"https:\/\/www.agrozobor.com\/en\/wp-json\/wp\/v2\/types\/page"}],"author":[{"embeddable":true,"href":"https:\/\/www.agrozobor.com\/en\/wp-json\/wp\/v2\/users\/6"}],"replies":[{"embeddable":true,"href":"https:\/\/www.agrozobor.com\/en\/wp-json\/wp\/v2\/comments?post=3574"}],"version-history":[{"count":2,"href":"https:\/\/www.agrozobor.com\/en\/wp-json\/wp\/v2\/pages\/3574\/revisions"}],"predecessor-version":[{"id":3580,"href":"https:\/\/www.agrozobor.com\/en\/wp-json\/wp\/v2\/pages\/3574\/revisions\/3580"}],"wp:attachment":[{"href":"https:\/\/www.agrozobor.com\/en\/wp-json\/wp\/v2\/media?parent=3574"}],"curies":[{"name":"wp","href":"https:\/\/api.w.org\/{rel}","templated":true}]}}